{"id":116,"date":"2022-08-13T18:11:55","date_gmt":"2022-08-13T18:11:55","guid":{"rendered":"https:\/\/kobemotor.es\/motorsport1\/?post_type=product&#038;p=116"},"modified":"2022-08-13T18:11:55","modified_gmt":"2022-08-13T18:11:55","slug":"aygo-rallyes-alquiler","status":"publish","type":"product","link":"https:\/\/kobemotor.es\/motorsport\/anuncio\/aygo-rallyes-alquiler\/","title":{"rendered":"AYGO RALLYES &#8211; Alquiler"},"content":{"rendered":"<table>\n<tbody>\n<tr>\n<td><strong>Autor:<\/strong><\/td>\n<td>Manuel<\/td>\n<\/tr>\n<tr>\n<td><strong>Matr\u00edcula:<\/strong><\/td>\n<td>0020 JDC<\/td>\n<\/tr>\n<tr>\n<td><strong>Publicado el:<\/strong><\/td>\n<td>16-Agosto-2022<\/td>\n<\/tr>\n<tr>\n<td><strong>Provincia:<\/strong><\/td>\n<td>Madrid<\/td>\n<\/tr>\n<tr>\n<td><strong>Pa\u00eds:<\/strong><\/td>\n<td>Espa\u00f1a<\/td>\n<\/tr>\n<\/tbody>\n<\/table>\n<p><strong>Contacto:<\/strong> <a href=\"tel:605091110\">605091110<\/a> | <a href=\"mailto:manuel.mancebo@kobe.es\">manuel.mancebo@kobe.es<\/a><\/p>\n","protected":false},"excerpt":{"rendered":"<p>Se alquila Toyota aygo de la Copa Kobe de tierra con todas las evoluciones, al d\u00eda de todo. Para m\u00e1s Informaci\u00f3n no dude en contactar!!<\/p>\n","protected":false},"featured_media":495,"comment_status":"closed","ping_status":"closed","template":"","meta":{"_et_pb_use_builder":"off","_et_pb_old_content":"<table class=\"tt-table-02\" style=\"height: 110px;width: 287px\">\n<tbody>\n<tr>\n<td style=\"width: 103px\">Autor:<\/td>\n<td style=\"width: 184px\">Manuel<\/td>\n<\/tr>\n<tr>\n<td style=\"width: 103px\">Matr\u00edcula:<\/td>\n<td style=\"width: 184px\">0020 JDC<\/td>\n<\/tr>\n<tr style=\"height: 22px\">\n<td style=\"height: 22px;width: 103px\">Publicado el:<\/td>\n<td style=\"height: 22px;width: 184px\">16-Agosto-2022<\/td>\n<\/tr>\n<tr style=\"height: 22px\">\n<td style=\"height: 22px;width: 103px\">Provincia:<\/td>\n<td style=\"height: 22px;width: 184px\">Madrid<\/td>\n<\/tr>\n<tr style=\"height: 22px\">\n<td style=\"height: 22px;width: 103px\">Pais:<\/td>\n<td style=\"height: 22px;width: 184px\">Espa\u00f1a<\/td>\n<\/tr>\n<tr>\n<td style=\"width: 103px\">Contacto:<\/td>\n<td style=\"width: 184px\">605091110<\/td>\n<\/tr>\n<tr>\n<td style=\"width: 103px\"><\/td>\n<td style=\"width: 184px\">manuel.mancebo@kobe.es<\/td>\n<\/tr>\n<\/tbody>\n<\/table>","_et_gb_content_width":""},"product_brand":[],"product_cat":[17],"product_tag":[],"class_list":{"0":"post-116","1":"product","2":"type-product","3":"status-publish","4":"has-post-thumbnail","6":"product_cat-coches","8":"first","9":"instock","10":"virtual","11":"product-type-simple"},"yoast_head":"<!-- This site is optimized with the Yoast SEO plugin v27.5 - https:\/\/yoast.com\/product\/yoast-seo-wordpress\/ -->\n<title>AYGO RALLYES - Alquiler - Motorsport<\/title>\n<meta name=\"description\" content=\"Se alquila Toyota aygo de la Copa Kobe de tierra con todas las evoluciones, al d\u00eda de todo. Para m\u00e1s Informaci\u00f3n no dude en contactar!!\" \/>\n<meta name=\"robots\" content=\"index, follow, max-snippet:-1, max-image-preview:large, max-video-preview:-1\" \/>\n<link rel=\"canonical\" href=\"https:\/\/kobemotor.es\/motorsport\/coches\/aygo-rallyes-alquiler\/\" \/>\n<meta property=\"og:locale\" content=\"es_ES\" \/>\n<meta property=\"og:type\" content=\"article\" \/>\n<meta property=\"og:title\" content=\"AYGO RALLYES - Alquiler - Motorsport\" \/>\n<meta property=\"og:description\" content=\"Se alquila Toyota aygo de la Copa Kobe de tierra con todas las evoluciones, al d\u00eda de todo. Para m\u00e1s Informaci\u00f3n no dude en contactar!!\" \/>\n<meta property=\"og:url\" content=\"https:\/\/kobemotor.es\/motorsport\/coches\/aygo-rallyes-alquiler\/\" \/>\n<meta property=\"og:site_name\" content=\"Motorsport\" \/>\n<meta property=\"og:image\" content=\"https:\/\/kobemotor.es\/wp-content\/uploads\/sites\/3\/2022\/08\/51574841150_9b57bd2157_o-scaled-1.jpg\" \/>\n\t<meta property=\"og:image:width\" content=\"2560\" \/>\n\t<meta property=\"og:image:height\" content=\"1703\" \/>\n\t<meta property=\"og:image:type\" content=\"image\/jpeg\" \/>\n<meta name=\"twitter:card\" content=\"summary_large_image\" \/>\n<meta name=\"twitter:label1\" content=\"Tiempo de lectura\" \/>\n\t<meta name=\"twitter:data1\" content=\"1 minuto\" \/>\n<script type=\"application\/ld+json\" class=\"yoast-schema-graph\">{\"@context\":\"https:\\\/\\\/schema.org\",\"@graph\":[{\"@type\":\"WebPage\",\"@id\":\"https:\\\/\\\/kobemotor.es\\\/motorsport\\\/coches\\\/aygo-rallyes-alquiler\\\/\",\"url\":\"https:\\\/\\\/kobemotor.es\\\/motorsport\\\/coches\\\/aygo-rallyes-alquiler\\\/\",\"name\":\"AYGO RALLYES - Alquiler - Motorsport\",\"isPartOf\":{\"@id\":\"https:\\\/\\\/kobemotor.es\\\/motorsport\\\/#website\"},\"primaryImageOfPage\":{\"@id\":\"https:\\\/\\\/kobemotor.es\\\/motorsport\\\/coches\\\/aygo-rallyes-alquiler\\\/#primaryimage\"},\"image\":{\"@id\":\"https:\\\/\\\/kobemotor.es\\\/motorsport\\\/coches\\\/aygo-rallyes-alquiler\\\/#primaryimage\"},\"thumbnailUrl\":\"https:\\\/\\\/kobemotor.es\\\/motorsport\\\/wp-content\\\/uploads\\\/sites\\\/3\\\/2022\\\/08\\\/51574841150_9b57bd2157_o-scaled-1.jpg\",\"datePublished\":\"2022-08-13T18:11:55+00:00\",\"description\":\"Se alquila Toyota aygo de la Copa Kobe de tierra con todas las evoluciones, al d\u00eda de todo. Para m\u00e1s Informaci\u00f3n no dude en contactar!!\",\"breadcrumb\":{\"@id\":\"https:\\\/\\\/kobemotor.es\\\/motorsport\\\/coches\\\/aygo-rallyes-alquiler\\\/#breadcrumb\"},\"inLanguage\":\"es\",\"potentialAction\":[{\"@type\":\"ReadAction\",\"target\":[\"https:\\\/\\\/kobemotor.es\\\/motorsport\\\/coches\\\/aygo-rallyes-alquiler\\\/\"]}]},{\"@type\":\"ImageObject\",\"inLanguage\":\"es\",\"@id\":\"https:\\\/\\\/kobemotor.es\\\/motorsport\\\/coches\\\/aygo-rallyes-alquiler\\\/#primaryimage\",\"url\":\"https:\\\/\\\/kobemotor.es\\\/motorsport\\\/wp-content\\\/uploads\\\/sites\\\/3\\\/2022\\\/08\\\/51574841150_9b57bd2157_o-scaled-1.jpg\",\"contentUrl\":\"https:\\\/\\\/kobemotor.es\\\/motorsport\\\/wp-content\\\/uploads\\\/sites\\\/3\\\/2022\\\/08\\\/51574841150_9b57bd2157_o-scaled-1.jpg\",\"width\":2560,\"height\":1703},{\"@type\":\"BreadcrumbList\",\"@id\":\"https:\\\/\\\/kobemotor.es\\\/motorsport\\\/coches\\\/aygo-rallyes-alquiler\\\/#breadcrumb\",\"itemListElement\":[{\"@type\":\"ListItem\",\"position\":1,\"name\":\"Portada\",\"item\":\"https:\\\/\\\/kobemotor.es\\\/motorsport\\\/\"},{\"@type\":\"ListItem\",\"position\":2,\"name\":\"Tienda\",\"item\":\"https:\\\/\\\/kobemotor.es\\\/motorsport\\\/tienda\\\/\"},{\"@type\":\"ListItem\",\"position\":3,\"name\":\"aygo rallyes &#8211; alquiler\"}]},{\"@type\":\"WebSite\",\"@id\":\"https:\\\/\\\/kobemotor.es\\\/motorsport\\\/#website\",\"url\":\"https:\\\/\\\/kobemotor.es\\\/motorsport\\\/\",\"name\":\"Motorsport\",\"description\":\"Kobe Motorsport\",\"potentialAction\":[{\"@type\":\"SearchAction\",\"target\":{\"@type\":\"EntryPoint\",\"urlTemplate\":\"https:\\\/\\\/kobemotor.es\\\/motorsport\\\/?s={search_term_string}\"},\"query-input\":{\"@type\":\"PropertyValueSpecification\",\"valueRequired\":true,\"valueName\":\"search_term_string\"}}],\"inLanguage\":\"es\"}]}<\/script>\n<!-- \/ Yoast SEO plugin. -->","yoast_head_json":{"title":"AYGO RALLYES - Alquiler - Motorsport","description":"Se alquila Toyota aygo de la Copa Kobe de tierra con todas las evoluciones, al d\u00eda de todo. Para m\u00e1s Informaci\u00f3n no dude en contactar!!","robots":{"index":"index","follow":"follow","max-snippet":"max-snippet:-1","max-image-preview":"max-image-preview:large","max-video-preview":"max-video-preview:-1"},"canonical":"https:\/\/kobemotor.es\/motorsport\/coches\/aygo-rallyes-alquiler\/","og_locale":"es_ES","og_type":"article","og_title":"AYGO RALLYES - Alquiler - Motorsport","og_description":"Se alquila Toyota aygo de la Copa Kobe de tierra con todas las evoluciones, al d\u00eda de todo. Para m\u00e1s Informaci\u00f3n no dude en contactar!!","og_url":"https:\/\/kobemotor.es\/motorsport\/coches\/aygo-rallyes-alquiler\/","og_site_name":"Motorsport","og_image":[{"width":2560,"height":1703,"url":"https:\/\/kobemotor.es\/wp-content\/uploads\/sites\/3\/2022\/08\/51574841150_9b57bd2157_o-scaled-1.jpg","type":"image\/jpeg"}],"twitter_card":"summary_large_image","twitter_misc":{"Tiempo de lectura":"1 minuto"},"schema":{"@context":"https:\/\/schema.org","@graph":[{"@type":"WebPage","@id":"https:\/\/kobemotor.es\/motorsport\/coches\/aygo-rallyes-alquiler\/","url":"https:\/\/kobemotor.es\/motorsport\/coches\/aygo-rallyes-alquiler\/","name":"AYGO RALLYES - Alquiler - Motorsport","isPartOf":{"@id":"https:\/\/kobemotor.es\/motorsport\/#website"},"primaryImageOfPage":{"@id":"https:\/\/kobemotor.es\/motorsport\/coches\/aygo-rallyes-alquiler\/#primaryimage"},"image":{"@id":"https:\/\/kobemotor.es\/motorsport\/coches\/aygo-rallyes-alquiler\/#primaryimage"},"thumbnailUrl":"https:\/\/kobemotor.es\/motorsport\/wp-content\/uploads\/sites\/3\/2022\/08\/51574841150_9b57bd2157_o-scaled-1.jpg","datePublished":"2022-08-13T18:11:55+00:00","description":"Se alquila Toyota aygo de la Copa Kobe de tierra con todas las evoluciones, al d\u00eda de todo. Para m\u00e1s Informaci\u00f3n no dude en contactar!!","breadcrumb":{"@id":"https:\/\/kobemotor.es\/motorsport\/coches\/aygo-rallyes-alquiler\/#breadcrumb"},"inLanguage":"es","potentialAction":[{"@type":"ReadAction","target":["https:\/\/kobemotor.es\/motorsport\/coches\/aygo-rallyes-alquiler\/"]}]},{"@type":"ImageObject","inLanguage":"es","@id":"https:\/\/kobemotor.es\/motorsport\/coches\/aygo-rallyes-alquiler\/#primaryimage","url":"https:\/\/kobemotor.es\/motorsport\/wp-content\/uploads\/sites\/3\/2022\/08\/51574841150_9b57bd2157_o-scaled-1.jpg","contentUrl":"https:\/\/kobemotor.es\/motorsport\/wp-content\/uploads\/sites\/3\/2022\/08\/51574841150_9b57bd2157_o-scaled-1.jpg","width":2560,"height":1703},{"@type":"BreadcrumbList","@id":"https:\/\/kobemotor.es\/motorsport\/coches\/aygo-rallyes-alquiler\/#breadcrumb","itemListElement":[{"@type":"ListItem","position":1,"name":"Portada","item":"https:\/\/kobemotor.es\/motorsport\/"},{"@type":"ListItem","position":2,"name":"Tienda","item":"https:\/\/kobemotor.es\/motorsport\/tienda\/"},{"@type":"ListItem","position":3,"name":"aygo rallyes &#8211; alquiler"}]},{"@type":"WebSite","@id":"https:\/\/kobemotor.es\/motorsport\/#website","url":"https:\/\/kobemotor.es\/motorsport\/","name":"Motorsport","description":"Kobe Motorsport","potentialAction":[{"@type":"SearchAction","target":{"@type":"EntryPoint","urlTemplate":"https:\/\/kobemotor.es\/motorsport\/?s={search_term_string}"},"query-input":{"@type":"PropertyValueSpecification","valueRequired":true,"valueName":"search_term_string"}}],"inLanguage":"es"}]}},"_links":{"self":[{"href":"https:\/\/kobemotor.es\/motorsport\/wp-json\/wp\/v2\/product\/116","targetHints":{"allow":["GET"]}}],"collection":[{"href":"https:\/\/kobemotor.es\/motorsport\/wp-json\/wp\/v2\/product"}],"about":[{"href":"https:\/\/kobemotor.es\/motorsport\/wp-json\/wp\/v2\/types\/product"}],"replies":[{"embeddable":true,"href":"https:\/\/kobemotor.es\/motorsport\/wp-json\/wp\/v2\/comments?post=116"}],"wp:featuredmedia":[{"embeddable":true,"href":"https:\/\/kobemotor.es\/motorsport\/wp-json\/wp\/v2\/media\/495"}],"wp:attachment":[{"href":"https:\/\/kobemotor.es\/motorsport\/wp-json\/wp\/v2\/media?parent=116"}],"wp:term":[{"taxonomy":"product_brand","embeddable":true,"href":"https:\/\/kobemotor.es\/motorsport\/wp-json\/wp\/v2\/product_brand?post=116"},{"taxonomy":"product_cat","embeddable":true,"href":"https:\/\/kobemotor.es\/motorsport\/wp-json\/wp\/v2\/product_cat?post=116"},{"taxonomy":"product_tag","embeddable":true,"href":"https:\/\/kobemotor.es\/motorsport\/wp-json\/wp\/v2\/product_tag?post=116"}],"curies":[{"name":"wp","href":"https:\/\/api.w.org\/{rel}","templated":true}]}}