{"id":1002,"date":"2023-07-20T09:54:19","date_gmt":"2023-07-20T09:54:19","guid":{"rendered":"https:\/\/kobemotor.es\/motorsport\/?post_type=product&#038;p=1002"},"modified":"2023-07-20T09:54:19","modified_gmt":"2023-07-20T09:54:19","slug":"aygo-circuitos","status":"publish","type":"product","link":"https:\/\/kobemotor.es\/motorsport\/anuncio\/aygo-circuitos\/","title":{"rendered":"AYGO CIRCUITOS"},"content":{"rendered":"<table>\n<tbody>\n<tr>\n<td><strong>Autor:<\/strong><\/td>\n<td>Alejandro Morales<\/td>\n<\/tr>\n<tr>\n<td><strong>Matr\u00edcula:<\/strong><\/td>\n<td>7143KGT<\/td>\n<\/tr>\n<tr>\n<td><strong>Publicado el:<\/strong><\/td>\n<td>20-07-2023<\/td>\n<\/tr>\n<tr>\n<td><strong>Provincia:<\/strong><\/td>\n<td>Madrid<\/td>\n<\/tr>\n<tr>\n<td><strong>Pa\u00eds:<\/strong><\/td>\n<td>Espa\u00f1a<\/td>\n<\/tr>\n<tr>\n<td><strong>Contacto:<\/strong><\/td>\n<td>696482078<\/td>\n<\/tr>\n<\/tbody>\n<\/table>\n<p>&nbsp;<\/p>\n","protected":false},"excerpt":{"rendered":"<p>Toyota Aygo para la copa Kobe iniciaci\u00f3n , pocos kms, realiz\u00f3 2 temporadas, llantas braid , suspensi\u00f3n techno shock, frenada EBC, JAULA antivuelco.<br \/>\nSe entregar\u00eda con 2 llantas m\u00e1s, la carpa de la copa, otro volante y repuestos varios.<br \/>\nPosibilidad de vender carro porta veh\u00edculo y el veh\u00edculo en forma de conjunto.<\/p>\n","protected":false},"featured_media":1003,"comment_status":"closed","ping_status":"closed","template":"","meta":{"_et_pb_use_builder":"off","_et_pb_old_content":"<table>\n<tbody>\n<tr>\n<td style=\"width: 120px\">Autor:<\/td>\n<td style=\"width: 178.7916717529297px\">Manuel<\/td>\n<\/tr>\n<tr>\n<td style=\"width: 120px\">Matr\u00edcula:<\/td>\n<td style=\"width: 178.7916717529297px\">0114 JJY<\/td>\n<\/tr>\n<tr>\n<td style=\"width: 120px\">Publicado el:<\/td>\n<td style=\"width: 178.7916717529297px\">16-08-2022<\/td>\n<\/tr>\n<tr>\n<td style=\"width: 120px\">Provincia:<\/td>\n<td style=\"width: 178.7916717529297px\">Madrid<\/td>\n<\/tr>\n<tr>\n<td style=\"width: 120px\">Pais:<\/td>\n<td style=\"width: 178.7916717529297px\">Espa\u00f1a<\/td>\n<\/tr>\n<tr>\n<td style=\"width: 120px\">Contacto:<\/td>\n<td style=\"width: 178.7916717529297px\">605091110<\/td>\n<\/tr>\n<tr>\n<td style=\"width: 120px\"><\/td>\n<td style=\"width: 178.7916717529297px\">manuel.mancebo@kobe.es<\/td>\n<\/tr>\n<\/tbody>\n<\/table>","_et_gb_content_width":""},"product_brand":[],"product_cat":[17],"product_tag":[],"class_list":{"0":"post-1002","1":"product","2":"type-product","3":"status-publish","4":"has-post-thumbnail","6":"product_cat-coches","8":"first","9":"instock","10":"virtual","11":"purchasable","12":"product-type-simple"},"yoast_head":"<!-- This site is optimized with the Yoast SEO plugin v27.5 - https:\/\/yoast.com\/product\/yoast-seo-wordpress\/ -->\n<title>AYGO CIRCUITOS - Motorsport<\/title>\n<meta name=\"description\" content=\"Se vende el Toyota Aygo de la Copa Kobe de tierra con todas las evoluciones. Tiene todas las mejoras de la copa y precintos. Est\u00e1 pintado en 2021.\" \/>\n<meta name=\"robots\" content=\"index, follow, max-snippet:-1, max-image-preview:large, max-video-preview:-1\" \/>\n<link rel=\"canonical\" href=\"https:\/\/kobemotor.es\/motorsport\/coches\/aygo-circuitos\/\" \/>\n<meta property=\"og:locale\" content=\"es_ES\" \/>\n<meta property=\"og:type\" content=\"article\" \/>\n<meta property=\"og:title\" content=\"AYGO CIRCUITOS - Motorsport\" \/>\n<meta property=\"og:description\" content=\"Se vende el Toyota Aygo de la Copa Kobe de tierra con todas las evoluciones. Tiene todas las mejoras de la copa y precintos. Est\u00e1 pintado en 2021.\" \/>\n<meta property=\"og:url\" content=\"https:\/\/kobemotor.es\/motorsport\/coches\/aygo-circuitos\/\" \/>\n<meta property=\"og:site_name\" content=\"Motorsport\" \/>\n<meta property=\"og:image\" content=\"https:\/\/kobemotor.es\/wp-content\/uploads\/sites\/3\/2023\/07\/1.jpg\" \/>\n\t<meta property=\"og:image:width\" content=\"800\" \/>\n\t<meta property=\"og:image:height\" content=\"1067\" \/>\n\t<meta property=\"og:image:type\" content=\"image\/jpeg\" \/>\n<meta name=\"twitter:card\" content=\"summary_large_image\" \/>\n<meta name=\"twitter:label1\" content=\"Tiempo de lectura\" \/>\n\t<meta name=\"twitter:data1\" content=\"1 minuto\" \/>\n<script type=\"application\/ld+json\" class=\"yoast-schema-graph\">{\"@context\":\"https:\\\/\\\/schema.org\",\"@graph\":[{\"@type\":\"WebPage\",\"@id\":\"https:\\\/\\\/kobemotor.es\\\/motorsport\\\/coches\\\/aygo-circuitos\\\/\",\"url\":\"https:\\\/\\\/kobemotor.es\\\/motorsport\\\/coches\\\/aygo-circuitos\\\/\",\"name\":\"AYGO CIRCUITOS - Motorsport\",\"isPartOf\":{\"@id\":\"https:\\\/\\\/kobemotor.es\\\/motorsport\\\/#website\"},\"primaryImageOfPage\":{\"@id\":\"https:\\\/\\\/kobemotor.es\\\/motorsport\\\/coches\\\/aygo-circuitos\\\/#primaryimage\"},\"image\":{\"@id\":\"https:\\\/\\\/kobemotor.es\\\/motorsport\\\/coches\\\/aygo-circuitos\\\/#primaryimage\"},\"thumbnailUrl\":\"https:\\\/\\\/kobemotor.es\\\/motorsport\\\/wp-content\\\/uploads\\\/sites\\\/3\\\/2023\\\/07\\\/1.jpg\",\"datePublished\":\"2023-07-20T09:54:19+00:00\",\"description\":\"Se vende el Toyota Aygo de la Copa Kobe de tierra con todas las evoluciones. Tiene todas las mejoras de la copa y precintos. Est\u00e1 pintado en 2021.\",\"breadcrumb\":{\"@id\":\"https:\\\/\\\/kobemotor.es\\\/motorsport\\\/coches\\\/aygo-circuitos\\\/#breadcrumb\"},\"inLanguage\":\"es\",\"potentialAction\":[{\"@type\":\"ReadAction\",\"target\":[\"https:\\\/\\\/kobemotor.es\\\/motorsport\\\/coches\\\/aygo-circuitos\\\/\"]}]},{\"@type\":\"ImageObject\",\"inLanguage\":\"es\",\"@id\":\"https:\\\/\\\/kobemotor.es\\\/motorsport\\\/coches\\\/aygo-circuitos\\\/#primaryimage\",\"url\":\"https:\\\/\\\/kobemotor.es\\\/motorsport\\\/wp-content\\\/uploads\\\/sites\\\/3\\\/2023\\\/07\\\/1.jpg\",\"contentUrl\":\"https:\\\/\\\/kobemotor.es\\\/motorsport\\\/wp-content\\\/uploads\\\/sites\\\/3\\\/2023\\\/07\\\/1.jpg\",\"width\":800,\"height\":1067},{\"@type\":\"BreadcrumbList\",\"@id\":\"https:\\\/\\\/kobemotor.es\\\/motorsport\\\/coches\\\/aygo-circuitos\\\/#breadcrumb\",\"itemListElement\":[{\"@type\":\"ListItem\",\"position\":1,\"name\":\"Portada\",\"item\":\"https:\\\/\\\/kobemotor.es\\\/motorsport\\\/\"},{\"@type\":\"ListItem\",\"position\":2,\"name\":\"Tienda\",\"item\":\"https:\\\/\\\/kobemotor.es\\\/motorsport\\\/tienda\\\/\"},{\"@type\":\"ListItem\",\"position\":3,\"name\":\"aygo circuitos\"}]},{\"@type\":\"WebSite\",\"@id\":\"https:\\\/\\\/kobemotor.es\\\/motorsport\\\/#website\",\"url\":\"https:\\\/\\\/kobemotor.es\\\/motorsport\\\/\",\"name\":\"Motorsport\",\"description\":\"Kobe Motorsport\",\"potentialAction\":[{\"@type\":\"SearchAction\",\"target\":{\"@type\":\"EntryPoint\",\"urlTemplate\":\"https:\\\/\\\/kobemotor.es\\\/motorsport\\\/?s={search_term_string}\"},\"query-input\":{\"@type\":\"PropertyValueSpecification\",\"valueRequired\":true,\"valueName\":\"search_term_string\"}}],\"inLanguage\":\"es\"}]}<\/script>\n<!-- \/ Yoast SEO plugin. -->","yoast_head_json":{"title":"AYGO CIRCUITOS - Motorsport","description":"Se vende el Toyota Aygo de la Copa Kobe de tierra con todas las evoluciones. Tiene todas las mejoras de la copa y precintos. Est\u00e1 pintado en 2021.","robots":{"index":"index","follow":"follow","max-snippet":"max-snippet:-1","max-image-preview":"max-image-preview:large","max-video-preview":"max-video-preview:-1"},"canonical":"https:\/\/kobemotor.es\/motorsport\/coches\/aygo-circuitos\/","og_locale":"es_ES","og_type":"article","og_title":"AYGO CIRCUITOS - Motorsport","og_description":"Se vende el Toyota Aygo de la Copa Kobe de tierra con todas las evoluciones. Tiene todas las mejoras de la copa y precintos. Est\u00e1 pintado en 2021.","og_url":"https:\/\/kobemotor.es\/motorsport\/coches\/aygo-circuitos\/","og_site_name":"Motorsport","og_image":[{"width":800,"height":1067,"url":"https:\/\/kobemotor.es\/wp-content\/uploads\/sites\/3\/2023\/07\/1.jpg","type":"image\/jpeg"}],"twitter_card":"summary_large_image","twitter_misc":{"Tiempo de lectura":"1 minuto"},"schema":{"@context":"https:\/\/schema.org","@graph":[{"@type":"WebPage","@id":"https:\/\/kobemotor.es\/motorsport\/coches\/aygo-circuitos\/","url":"https:\/\/kobemotor.es\/motorsport\/coches\/aygo-circuitos\/","name":"AYGO CIRCUITOS - Motorsport","isPartOf":{"@id":"https:\/\/kobemotor.es\/motorsport\/#website"},"primaryImageOfPage":{"@id":"https:\/\/kobemotor.es\/motorsport\/coches\/aygo-circuitos\/#primaryimage"},"image":{"@id":"https:\/\/kobemotor.es\/motorsport\/coches\/aygo-circuitos\/#primaryimage"},"thumbnailUrl":"https:\/\/kobemotor.es\/motorsport\/wp-content\/uploads\/sites\/3\/2023\/07\/1.jpg","datePublished":"2023-07-20T09:54:19+00:00","description":"Se vende el Toyota Aygo de la Copa Kobe de tierra con todas las evoluciones. Tiene todas las mejoras de la copa y precintos. Est\u00e1 pintado en 2021.","breadcrumb":{"@id":"https:\/\/kobemotor.es\/motorsport\/coches\/aygo-circuitos\/#breadcrumb"},"inLanguage":"es","potentialAction":[{"@type":"ReadAction","target":["https:\/\/kobemotor.es\/motorsport\/coches\/aygo-circuitos\/"]}]},{"@type":"ImageObject","inLanguage":"es","@id":"https:\/\/kobemotor.es\/motorsport\/coches\/aygo-circuitos\/#primaryimage","url":"https:\/\/kobemotor.es\/motorsport\/wp-content\/uploads\/sites\/3\/2023\/07\/1.jpg","contentUrl":"https:\/\/kobemotor.es\/motorsport\/wp-content\/uploads\/sites\/3\/2023\/07\/1.jpg","width":800,"height":1067},{"@type":"BreadcrumbList","@id":"https:\/\/kobemotor.es\/motorsport\/coches\/aygo-circuitos\/#breadcrumb","itemListElement":[{"@type":"ListItem","position":1,"name":"Portada","item":"https:\/\/kobemotor.es\/motorsport\/"},{"@type":"ListItem","position":2,"name":"Tienda","item":"https:\/\/kobemotor.es\/motorsport\/tienda\/"},{"@type":"ListItem","position":3,"name":"aygo circuitos"}]},{"@type":"WebSite","@id":"https:\/\/kobemotor.es\/motorsport\/#website","url":"https:\/\/kobemotor.es\/motorsport\/","name":"Motorsport","description":"Kobe Motorsport","potentialAction":[{"@type":"SearchAction","target":{"@type":"EntryPoint","urlTemplate":"https:\/\/kobemotor.es\/motorsport\/?s={search_term_string}"},"query-input":{"@type":"PropertyValueSpecification","valueRequired":true,"valueName":"search_term_string"}}],"inLanguage":"es"}]}},"_links":{"self":[{"href":"https:\/\/kobemotor.es\/motorsport\/wp-json\/wp\/v2\/product\/1002","targetHints":{"allow":["GET"]}}],"collection":[{"href":"https:\/\/kobemotor.es\/motorsport\/wp-json\/wp\/v2\/product"}],"about":[{"href":"https:\/\/kobemotor.es\/motorsport\/wp-json\/wp\/v2\/types\/product"}],"replies":[{"embeddable":true,"href":"https:\/\/kobemotor.es\/motorsport\/wp-json\/wp\/v2\/comments?post=1002"}],"wp:featuredmedia":[{"embeddable":true,"href":"https:\/\/kobemotor.es\/motorsport\/wp-json\/wp\/v2\/media\/1003"}],"wp:attachment":[{"href":"https:\/\/kobemotor.es\/motorsport\/wp-json\/wp\/v2\/media?parent=1002"}],"wp:term":[{"taxonomy":"product_brand","embeddable":true,"href":"https:\/\/kobemotor.es\/motorsport\/wp-json\/wp\/v2\/product_brand?post=1002"},{"taxonomy":"product_cat","embeddable":true,"href":"https:\/\/kobemotor.es\/motorsport\/wp-json\/wp\/v2\/product_cat?post=1002"},{"taxonomy":"product_tag","embeddable":true,"href":"https:\/\/kobemotor.es\/motorsport\/wp-json\/wp\/v2\/product_tag?post=1002"}],"curies":[{"name":"wp","href":"https:\/\/api.w.org\/{rel}","templated":true}]}}