{"id":598,"date":"2022-08-31T16:18:16","date_gmt":"2022-08-31T16:18:16","guid":{"rendered":"https:\/\/kobemotor.es\/motorsport\/?page_id=598"},"modified":"2022-08-31T16:18:16","modified_gmt":"2022-08-31T16:18:16","slug":"aviso-legal","status":"publish","type":"page","link":"https:\/\/kobemotor.es\/motorsport\/aviso-legal\/","title":{"rendered":"Aviso legal"},"content":{"rendered":"\n<p>En cumplimiento de lo establecido en la Ley 34\/2002, de 11 de Julio, de Servicio de la Sociedad de la informaci\u00f3n y de Comercio Electr\u00f3nico, se informa de los datos de informaci\u00f3n general de este sitio Web:<\/p>\n\n\n\n<p>Responsable:\u00a0KOBE MOTOR\u00a0SL<\/p>\n\n\n\n<p>N.I.F.: B82014978<\/p>\n\n\n\n<p>Direcci\u00f3n: Calle Ciruela, 4, Majadahonda, 28222<\/p>\n\n\n\n<p>Tel\u00e9fono y e-mail de contacto: 916383804\/ info@kobemotor.es<\/p>\n\n\n\n<h2 class=\"wp-block-heading\"><strong>CONDICIONES GENERALES DE USO DEL SITIO WEB<\/strong><\/h2>\n\n\n\n<ol class=\"wp-block-list\"><li>Usuarios del Sitio web<\/li><\/ol>\n\n\n\n<p>El acceso al Sitio Web atribuye a quien lo realiza la condici\u00f3n de usuario, aceptando desde ese mismo momento, plenamente y sin reserva alguna, las presentes condiciones generales.<\/p>\n\n\n\n<p>La utilizaci\u00f3n de determinados servicios ofrecidos en este Sitio Web se regir\u00e1, adem\u00e1s, por las condiciones particulares previstas en cada caso, que se entender\u00e1n aceptadas por el mero uso de dichos servicios.<\/p>\n\n\n\n<ol class=\"wp-block-list\" start=\"2\"><li>Autorizaci\u00f3n<\/li><\/ol>\n\n\n\n<p>Se autoriza a los usuarios la visualizaci\u00f3n, impresi\u00f3n y descarga parcial del contenido del Sitio Web s\u00f3lo y exclusivamente si concurren las siguientes condiciones:<\/p>\n\n\n\n<ol class=\"wp-block-list\"><li>Que sea compatible con los fines del Sitio Web.<\/li><li>Que se realice con el exclusivo \u00e1nimo de obtener la informaci\u00f3n contenida para uso personal y privado. Se proh\u00edbe expresamente su utilizaci\u00f3n con fines comerciales o para su distribuci\u00f3n, comunicaci\u00f3n p\u00fablica, transformaci\u00f3n o descompilaci\u00f3n.<\/li><li>Que ninguno de los contenidos relacionados en el Sitio Web sean modificados.<\/li><li>Que ning\u00fan gr\u00e1fico, icono o imagen disponible en el Sitio Web sea utilizado, copiado o distribuido separadamente del resto de im\u00e1genes que lo acompa\u00f1an.<\/li><li>Responsabilidad<\/li><\/ol>\n\n\n\n<p>Tanto el acceso al Sitio Web como el uso inconsentido que pueda efectuarse de la informaci\u00f3n contenida en el mismo es de la exclusiva responsabilidad de quien lo realiza.<\/p>\n\n\n\n<p>KOBE MOTOR SL no ser\u00e1 responsable en ning\u00fan caso del uso que los usuarios pudieran hacer del Sitio Web o sus contenidos, ni de los da\u00f1os y perjuicios que pudieran derivarse del mismo.<\/p>\n\n\n\n<ol class=\"wp-block-list\" start=\"4\"><li>Funcionamiento y disponibilidad del sitio web<\/li><\/ol>\n\n\n\n<p>KOBE MOTOR SL se reserva la facultad de efectuar, en cualquier momento y sin necesidad de previo aviso, modificaciones y actualizaciones de la informaci\u00f3n contenida en el Sitio Web, de la configuraci\u00f3n y presentaci\u00f3n de \u00e9ste y de las condiciones de acceso.<\/p>\n\n\n\n<p>KOBE MOTOR SL no se hace responsable de los errores de seguridad que se puedan producir, ni de los da\u00f1os que puedan causarse al sistema inform\u00e1tico del usuario (hardware y software), o a los ficheros o documentos almacenados en el mismo, como consecuencia de:<\/p>\n\n\n\n<ul class=\"wp-block-list\"><li>La presencia de un virus en el ordenador del usuario que sea utilizado para la conexi\u00f3n a los servicios y contenidos del Sitio Web;<\/li><li>Un mal funcionamiento del navegador;<\/li><li>El uso de versiones no actualizadas.<\/li><\/ul>\n\n\n\n<p>KOBE MOTOR SL no garantiza la ausencia de virus ni de otros elementos en el Sitio Web introducidos por terceros ajenos a KOBE MOTOR SL que puedan producir alteraciones en los sistemas f\u00edsicos o l\u00f3gicos de los usuarios o en los documentos electr\u00f3nicos y ficheros almacenados en sus sistemas. En consecuencia, KOBE MOTOR SL no ser\u00e1 responsable de cualesquiera da\u00f1os y perjuicios de toda \u00edndole que pudieran derivarse de la presencia de dichos virus o elementos.<\/p>\n\n\n\n<p>KOBE MOTOR SL utiliza diversas medidas de protecci\u00f3n de su Sitio Web contra ataques inform\u00e1ticos de terceros. No obstante, KOBE MOTOR SL no garantiza que terceros no autorizados puedan tener acceso al tipo de uso del Sitio Web que hace el usuario o a las condiciones, caracter\u00edsticas y circunstancias en las cuales se realiza dicho uso. En consecuencia, KOBE MOTOR SL no ser\u00e1 en ning\u00fan caso responsable de los da\u00f1os y perjuicios que pudieran derivarse de dicho acceso no autorizado.<\/p>\n\n\n\n<p>KOBE MOTOR SL no garantiza la inexistencia de interrupciones o errores en el acceso al Sitio Web o a su contenido, ni que \u00e9ste se encuentre actualizado. KOBE MOTOR SL llevar\u00e1 a cabo, siempre que no concurran causas que lo hagan imposible o de dif\u00edcil ejecuci\u00f3n y tan pronto tenga noticia de los errores, desconexiones o falta de actualizaci\u00f3n en los contenidos, todas a aquellas labores tendentes a subsanar los errores, restablecer la comunicaci\u00f3n y actualizar los contenidos.<\/p>\n\n\n\n<p>KOBE MOTOR SL se reserva el derecho de interrumpir el acceso a su Sitio Web o de cualquiera de sus contenidos en cualquier momento y sin previo aviso.<\/p>\n\n\n\n<ol class=\"wp-block-list\" start=\"5\"><li>Contenidos y la calidad del servicio<\/li><\/ol>\n\n\n\n<p>KOBE MOTOR SL no asume la responsabilidad alguna derivada de los contenidos enlazados en el Sitio Web, siempre que sean ajenos a la misma.<\/p>\n\n\n\n<p>En el caso de que cualquier usuario, cliente o un tercero, considerara que el contenido o los servicios prestados por las p\u00e1ginas enlazadas son il\u00edcitos o lesionan bienes o derechos del propio usuario, de un cliente o de un tercero susceptibles de indemnizaci\u00f3n, y, en particular, consistan en:<\/p>\n\n\n\n<ol class=\"wp-block-list\"><li>Actividades o contenidos susceptibles de ser considerados delictivos conforme a la normativa penal espa\u00f1ola.<\/li><li>Actividades o contenidos que violen derechos de propiedad intelectual o industrial.<\/li><li>Actividades o contenidos que pongan en peligro el orden p\u00fablico, la investigaci\u00f3n penal, la seguridad p\u00fablica y la defensa nacional.<\/li><li>Actividades o contenidos que pongan en peligro la protecci\u00f3n de la salud p\u00fablica, el respeto a la dignidad de la persona y al principio de no discriminaci\u00f3n, y la protecci\u00f3n de la salud y la infancia.<\/li><\/ol>\n\n\n\n<p>Podr\u00e1 ponerlo en conocimiento de KOBE MOTOR SL, no obstante, la recepci\u00f3n por esa de dicha comunicaci\u00f3n no supondr\u00e1 conocimiento a los efectos de la responsabilidad prevista en el art\u00edculo 17 de la Ley 34\/2002, de 11 de Julio, de Servicio de la Sociedad de la informaci\u00f3n y de Comercio Electr\u00f3nico.<\/p>\n\n\n\n<p>KOBE MOTOR SL no se hace responsable de la falta de utilidad o adecuaci\u00f3n para un uso espec\u00edfico del presente Sitio Web. Tampoco se responsabiliza de los perjuicios que pueda sufrir el usuario por los errores u omisiones de los que pudieran adolecer los contenidos de este Sitio Web, si bien se compromete a verificar y vigilar peri\u00f3dicamente los contenidos e informaciones del mismo.<\/p>\n\n\n\n<p>Todo enlace de terceros a la p\u00e1gina Web debe serlo a su p\u00e1gina principal, quedando expresamente prohibido los \u201clinks profundos\u201d, el \u201cframing\u201d y cualquier otro aprovechamiento de los contenidos del Sitio Web, a favor de terceros no autorizados.<\/p>\n\n\n\n<p>A trav\u00e9s del presente Sitio Web el usuario podr\u00e1 acceder a Sitios Web de terceros. La presencia de tales enlaces es meramente informativa, no constituyendo en ning\u00fan caso una invitaci\u00f3n a la contrataci\u00f3n de productos o servicios que se ofrezcan en el Sitio Web de destino. El usuario acceder\u00e1 bajo su exclusiva responsabilidad al contenido y en las condiciones de uso que rijan en los mismos. KOBE MOTOR SL no se hace responsable, directa o indirectamente, de cualesquiera da\u00f1os y perjuicios causados por el acceso a tales links.<\/p>\n\n\n\n<p>En caso de que KOBE MOTOR SL tenga conocimiento efectivo de que la informaci\u00f3n o la actividad a la que se remite desde dichos enlaces es il\u00edcita o constitutiva de delito o puede lesionar bienes o derechos de un tercero susceptibles de indemnizaci\u00f3n, actuar\u00e1 con la diligencia necesaria para suprimir o inutilizar el enlace correspondiente con la mayor brevedad posible.<\/p>\n\n\n\n<ol class=\"wp-block-list\" start=\"6\"><li>Propiedad intelectual e industrial<\/li><\/ol>\n\n\n\n<p>KOBE MOTOR SL es titular de los textos, im\u00e1genes, kobemotor.esos, signos distintivos, sonidos, animaciones, videos, c\u00f3digo fuente, dise\u00f1o, estructura de navegaci\u00f3n, bases de datos y los distintos elementos de software de este Sitio Web, as\u00ed como de los derechos de propiedad industrial e intelectual referidos a los contenidos que en \u00e9l se incluyan.<\/p>\n\n\n\n<p>El acceso a este sitio web no otorga al usuario ning\u00fan derecho, ni titularidad sobre los derechos de la propiedad intelectual e industrial de los elementos corporativos.<\/p>\n\n\n\n<p>A los efectos de preservar los posibles derechos de propiedad intelectual o industrial, en el caso de que cualquier usuario o un tercero considere que se ha producido una violaci\u00f3n de sus leg\u00edtimos derechos por la introducci\u00f3n de un determinado contenido en el Sitio Web, deber\u00e1 notificar dicha circunstancia a KOBE MOTOR SL a la direcci\u00f3n&nbsp;info@kobemotor.es&nbsp;indicando:<\/p>\n\n\n\n<ol class=\"wp-block-list\"><li>Datos personales del interesado titular de los derechos presuntamente infringidos. Si la reclamaci\u00f3n la presenta un tercero distinto del interesado, deber\u00e1 indicar la representaci\u00f3n con la que act\u00faa.<\/li><li>Indicaci\u00f3n de los contenidos protegidos por los derechos de propiedad intelectual o industrial y su ubicaci\u00f3n en el sitio Web.<\/li><li>Acreditaci\u00f3n de los citados derechos de propiedad intelectual o industrial.<\/li><li>Declaraci\u00f3n expresa en la que el interesado se responsabiliza de la veracidad de las informaciones facilitadas en la notificaci\u00f3n.<\/li><\/ol>\n\n\n\n<p>La legitimidad de los derechos de propiedad intelectual o industrial correspondientes a los contenidos aportados por terceros es de la exclusiva responsabilidad de los mismos.<\/p>\n\n\n\n<ol class=\"wp-block-list\" start=\"7\"><li>Pol\u00edtica de privacidad y protecci\u00f3n de datos de car\u00e1cter personal<\/li><\/ol>\n\n\n\n<p>KOBE MOTOR SL podr\u00eda recabar mediante formularios del Sitio Web datos de car\u00e1cter personal e informaci\u00f3n del usuario para su almacenamiento o utilizaci\u00f3n.<\/p>\n\n\n\n<p>En cada uno de los formularios en los que se recaben datos de car\u00e1cter personal el usuario recibir\u00e1 informaci\u00f3n detallada sobre el tratamiento, su finalidad el uso de sus datos, el car\u00e1cter obligatorio o facultativo de sus respuestas, las consecuencias de su negativa a proporcionarlos&nbsp; y, en general, de todas las menciones requeridas por la legislaci\u00f3n aplicable en materia de protecci\u00f3n de datos de car\u00e1cter personal.<\/p>\n\n\n\n<p>KOBE MOTOR SL se compromete a tratar los datos de car\u00e1cter personal del usuario de conformidad con lo establecido en la legislaci\u00f3n vigente en materia de protecci\u00f3n de datos.&nbsp; El usuario se compromete a mantener los datos que, en su caso, proporcione debidamente actualizados, siendo responsable de los da\u00f1os y perjuicios ocasionados a consecuencia de la falta de veracidad, exactitud o vigencia de los datos facilitados.<\/p>\n\n\n\n<ol class=\"wp-block-list\" start=\"8\"><li>Uso de cookies<\/li><\/ol>\n\n\n\n<p>Las cookies son ficheros enviados al navegador por medio de un servidor Web, el navegador los devuelve sin modificar al servidor reflejando as\u00ed una memoria de eventos anteriores en las transacciones http con la finalidad de registrar las actividades del usuario durante su tiempo de navegaci\u00f3n. Estos archivos contienen una serie de informaciones (desde contrase\u00f1as de acceso hasta configuraciones de visualizaci\u00f3n) sobre la configuraci\u00f3n del Sitio Web.<\/p>\n\n\n\n<p>Los usos de las cookies son generalmente los siguientes:<\/p>\n\n\n\n<ol class=\"wp-block-list\"><li>Llevar el control de usuarios: Cuando, en una p\u00e1gina web, aceptamos la opci\u00f3n de guardar usuario y\/o contrase\u00f1a, esos datos se guardan en una cookie, para que no tenga que estar introduci\u00e9ndolas para cada p\u00e1gina del servidor. ya que el protocolo HTTP no tiene la capacidad de almacenar estos datos. Siempre debemos tener en cuenta que lo que se identifica en estos casos es una conexi\u00f3n entre el ordenador y la p\u00e1gina web, no entre una persona determinada y la p\u00e1gina web.<\/li><li>Personalizar el aspecto del sitio Web seg\u00fan las preferencias del usuario. La personalizaci\u00f3n incluye tanto presentaci\u00f3n como funcionalidad.<\/li><li>Acceder a los usuarios que se hayan registrado previamente a las \u00e1reas, servicios, promociones o concursos reservados exclusivamente a ellos sin tener que registrarse en cada visita.<\/li><\/ol>\n\n\n\n<p>El usuario tiene la posibilidad de aceptar o no expresamente la utilizaci\u00f3n de cookies o de configurar su navegador para ser avisado de la recepci\u00f3n de cookies enviadas por el Sitio Web.<\/p>\n\n\n\n<ol class=\"wp-block-list\" start=\"9\"><li>Redes sociales<\/li><\/ol>\n\n\n\n<p>KOBE MOTOR SL puede tener presencia en redes sociales. El tratamiento de los datos que se lleve a cabo de las personas que se hagan seguidoras en las redes sociales (y\/o realicen cualquier v\u00ednculo o acci\u00f3n de conexi\u00f3n a trav\u00e9s de las redes sociales) de las p\u00e1ginas oficiales de KOBE MOTOR SL se regir\u00e1 por este apartado, as\u00ed como por aquellas condiciones de uso, pol\u00edticas de privacidad y normativas de acceso que pertenezcan a la red social que proceda en cada caso y aceptadas previamente por el usuario<\/p>\n\n\n\n<p>KOBE MOTOR SL tratar\u00e1 sus datos con las finalidades de administrar correctamente su presencia en la red social, inform\u00e1ndole de sus actividades productos o servicios o cualquier otra finalidad que las normativas de las Redes Sociales permitan y se reserva la potestad de retirar, sin previo aviso de la red social corporativa aquellos contenidos inapropiados.<\/p>\n\n\n\n<ol class=\"wp-block-list\" start=\"10\"><li>Contacto<\/li><\/ol>\n\n\n\n<p>En caso de cualquier incidencia, duda o consulta relacionada con este Sitio Web o los servicios prestados por KOBE MOTOR SL puede ponerse en contacto a trav\u00e9s de correo electr\u00f3nico escribiendo al email siguiente&nbsp;&nbsp;<a href=\"mailto:info@kobemotor.es\" target=\"_blank\" rel=\"noreferrer noopener\">info@kobemotor.es<\/a><\/p>\n\n\n\n<ol class=\"wp-block-list\" start=\"11\"><li>Legislaci\u00f3n aplicable y jurisdicci\u00f3n<\/li><\/ol>\n\n\n\n<p>Las presentes Condiciones Generales se regir\u00e1n por la legislaci\u00f3n espa\u00f1ola. Los usuarios se someten a la Jurisdicci\u00f3n de los Juzgados y Tribunales de Madrid para cuantas acciones puedan ejercitarse derivadas de la prestaci\u00f3n del servicio del Sitio Web y de sus servicios y contenidos y sobre la interpretaci\u00f3n, aplicaci\u00f3n y cumplimiento o incumplimiento de lo aqu\u00ed establecido, salvo que el usuario sea consumidor en cuyo caso, el tribunal y legislaci\u00f3n aplicables ser\u00e1n los de su domicilio.<\/p>\n","protected":false},"excerpt":{"rendered":"<p>En cumplimiento de lo establecido en la Ley 34\/2002, de 11 de Julio, de Servicio de la Sociedad de la informaci\u00f3n y de Comercio Electr\u00f3nico, se informa de los datos de informaci\u00f3n general de este sitio Web: Responsable:\u00a0KOBE MOTOR\u00a0SL N.I.F.: B82014978 Direcci\u00f3n: Calle Ciruela, 4, Majadahonda, 28222 Tel\u00e9fono y e-mail de contacto: 916383804\/ info@kobemotor.es CONDICIONES [&hellip;]<\/p>\n","protected":false},"author":13,"featured_media":0,"parent":0,"menu_order":0,"comment_status":"closed","ping_status":"closed","template":"","meta":{"_et_pb_use_builder":"off","_et_pb_old_content":"","_et_gb_content_width":"1080","footnotes":""},"class_list":["post-598","page","type-page","status-publish","hentry"],"yoast_head":"<!-- This site is optimized with the Yoast SEO plugin v27.5 - https:\/\/yoast.com\/product\/yoast-seo-wordpress\/ -->\n<title>Aviso legal - Motorsport<\/title>\n<meta name=\"description\" content=\"Aviso legal de la pagina Copa Kobe Motorsport para asegurar una segura y buena experiencia del usuario en nuestra web.\" \/>\n<meta name=\"robots\" content=\"index, follow, max-snippet:-1, max-image-preview:large, max-video-preview:-1\" \/>\n<link rel=\"canonical\" href=\"https:\/\/kobemotor.es\/motorsport\/aviso-legal\/\" \/>\n<meta property=\"og:locale\" content=\"es_ES\" \/>\n<meta property=\"og:type\" content=\"article\" \/>\n<meta property=\"og:title\" content=\"Aviso legal - Motorsport\" \/>\n<meta property=\"og:description\" content=\"Aviso legal de la pagina Copa Kobe Motorsport para asegurar una segura y buena experiencia del usuario en nuestra web.\" \/>\n<meta property=\"og:url\" content=\"https:\/\/kobemotor.es\/motorsport\/aviso-legal\/\" \/>\n<meta property=\"og:site_name\" content=\"Motorsport\" \/>\n<meta name=\"twitter:card\" content=\"summary_large_image\" \/>\n<meta name=\"twitter:label1\" content=\"Tiempo de lectura\" \/>\n\t<meta name=\"twitter:data1\" content=\"10 minutos\" \/>\n<script type=\"application\/ld+json\" class=\"yoast-schema-graph\">{\"@context\":\"https:\\\/\\\/schema.org\",\"@graph\":[{\"@type\":\"WebPage\",\"@id\":\"https:\\\/\\\/kobemotor.es\\\/motorsport\\\/aviso-legal\\\/\",\"url\":\"https:\\\/\\\/kobemotor.es\\\/motorsport\\\/aviso-legal\\\/\",\"name\":\"Aviso legal - Motorsport\",\"isPartOf\":{\"@id\":\"https:\\\/\\\/kobemotor.es\\\/motorsport\\\/#website\"},\"datePublished\":\"2022-08-31T16:18:16+00:00\",\"description\":\"Aviso legal de la pagina Copa Kobe Motorsport para asegurar una segura y buena experiencia del usuario en nuestra web.\",\"breadcrumb\":{\"@id\":\"https:\\\/\\\/kobemotor.es\\\/motorsport\\\/aviso-legal\\\/#breadcrumb\"},\"inLanguage\":\"es\",\"potentialAction\":[{\"@type\":\"ReadAction\",\"target\":[\"https:\\\/\\\/kobemotor.es\\\/motorsport\\\/aviso-legal\\\/\"]}]},{\"@type\":\"BreadcrumbList\",\"@id\":\"https:\\\/\\\/kobemotor.es\\\/motorsport\\\/aviso-legal\\\/#breadcrumb\",\"itemListElement\":[{\"@type\":\"ListItem\",\"position\":1,\"name\":\"Portada\",\"item\":\"https:\\\/\\\/kobemotor.es\\\/motorsport\\\/\"},{\"@type\":\"ListItem\",\"position\":2,\"name\":\"Aviso legal\"}]},{\"@type\":\"WebSite\",\"@id\":\"https:\\\/\\\/kobemotor.es\\\/motorsport\\\/#website\",\"url\":\"https:\\\/\\\/kobemotor.es\\\/motorsport\\\/\",\"name\":\"Motorsport\",\"description\":\"Kobe Motorsport\",\"potentialAction\":[{\"@type\":\"SearchAction\",\"target\":{\"@type\":\"EntryPoint\",\"urlTemplate\":\"https:\\\/\\\/kobemotor.es\\\/motorsport\\\/?s={search_term_string}\"},\"query-input\":{\"@type\":\"PropertyValueSpecification\",\"valueRequired\":true,\"valueName\":\"search_term_string\"}}],\"inLanguage\":\"es\"}]}<\/script>\n<!-- \/ Yoast SEO plugin. -->","yoast_head_json":{"title":"Aviso legal - Motorsport","description":"Aviso legal de la pagina Copa Kobe Motorsport para asegurar una segura y buena experiencia del usuario en nuestra web.","robots":{"index":"index","follow":"follow","max-snippet":"max-snippet:-1","max-image-preview":"max-image-preview:large","max-video-preview":"max-video-preview:-1"},"canonical":"https:\/\/kobemotor.es\/motorsport\/aviso-legal\/","og_locale":"es_ES","og_type":"article","og_title":"Aviso legal - Motorsport","og_description":"Aviso legal de la pagina Copa Kobe Motorsport para asegurar una segura y buena experiencia del usuario en nuestra web.","og_url":"https:\/\/kobemotor.es\/motorsport\/aviso-legal\/","og_site_name":"Motorsport","twitter_card":"summary_large_image","twitter_misc":{"Tiempo de lectura":"10 minutos"},"schema":{"@context":"https:\/\/schema.org","@graph":[{"@type":"WebPage","@id":"https:\/\/kobemotor.es\/motorsport\/aviso-legal\/","url":"https:\/\/kobemotor.es\/motorsport\/aviso-legal\/","name":"Aviso legal - Motorsport","isPartOf":{"@id":"https:\/\/kobemotor.es\/motorsport\/#website"},"datePublished":"2022-08-31T16:18:16+00:00","description":"Aviso legal de la pagina Copa Kobe Motorsport para asegurar una segura y buena experiencia del usuario en nuestra web.","breadcrumb":{"@id":"https:\/\/kobemotor.es\/motorsport\/aviso-legal\/#breadcrumb"},"inLanguage":"es","potentialAction":[{"@type":"ReadAction","target":["https:\/\/kobemotor.es\/motorsport\/aviso-legal\/"]}]},{"@type":"BreadcrumbList","@id":"https:\/\/kobemotor.es\/motorsport\/aviso-legal\/#breadcrumb","itemListElement":[{"@type":"ListItem","position":1,"name":"Portada","item":"https:\/\/kobemotor.es\/motorsport\/"},{"@type":"ListItem","position":2,"name":"Aviso legal"}]},{"@type":"WebSite","@id":"https:\/\/kobemotor.es\/motorsport\/#website","url":"https:\/\/kobemotor.es\/motorsport\/","name":"Motorsport","description":"Kobe Motorsport","potentialAction":[{"@type":"SearchAction","target":{"@type":"EntryPoint","urlTemplate":"https:\/\/kobemotor.es\/motorsport\/?s={search_term_string}"},"query-input":{"@type":"PropertyValueSpecification","valueRequired":true,"valueName":"search_term_string"}}],"inLanguage":"es"}]}},"_links":{"self":[{"href":"https:\/\/kobemotor.es\/motorsport\/wp-json\/wp\/v2\/pages\/598","targetHints":{"allow":["GET"]}}],"collection":[{"href":"https:\/\/kobemotor.es\/motorsport\/wp-json\/wp\/v2\/pages"}],"about":[{"href":"https:\/\/kobemotor.es\/motorsport\/wp-json\/wp\/v2\/types\/page"}],"author":[{"embeddable":true,"href":"https:\/\/kobemotor.es\/motorsport\/wp-json\/wp\/v2\/users\/13"}],"replies":[{"embeddable":true,"href":"https:\/\/kobemotor.es\/motorsport\/wp-json\/wp\/v2\/comments?post=598"}],"version-history":[{"count":0,"href":"https:\/\/kobemotor.es\/motorsport\/wp-json\/wp\/v2\/pages\/598\/revisions"}],"wp:attachment":[{"href":"https:\/\/kobemotor.es\/motorsport\/wp-json\/wp\/v2\/media?parent=598"}],"curies":[{"name":"wp","href":"https:\/\/api.w.org\/{rel}","templated":true}]}}