{"id":596,"date":"2022-08-31T16:17:37","date_gmt":"2022-08-31T16:17:37","guid":{"rendered":"https:\/\/kobemotor.es\/motorsport\/?page_id=596"},"modified":"2022-08-31T16:17:37","modified_gmt":"2022-08-31T16:17:37","slug":"politica-de-cookies","status":"publish","type":"page","link":"https:\/\/kobemotor.es\/motorsport\/politica-de-cookies\/","title":{"rendered":"Pol\u00edtica de cookies"},"content":{"rendered":"\n<p>Una <em>cookie<\/em> es un peque\u00f1o fichero de texto que se almacena en su navegador cuando visita casi cualquier p\u00e1gina web. Su utilidad es que la web sea capaz de recordar su visita cuando vuelva a navegar por esa p\u00e1gina. Las <em>cookies<\/em> suelen almacenar informaci\u00f3n de car\u00e1cter t\u00e9cnico, preferencias personales, personalizaci\u00f3n de contenidos, estad\u00edsticas de uso, enlaces a redes sociales, acceso a cuentas de usuario, etc. El objetivo de la <em>cookie<\/em> es adaptar el contenido de la web a su perfil y necesidades, sin <em>cookies<\/em> los servicios ofrecidos por cualquier p\u00e1gina se ver\u00edan mermados notablemente. Si desea consultar m\u00e1s informaci\u00f3n sobre qu\u00e9 son las <em>cookies<\/em>, qu\u00e9 almacenan, c\u00f3mo eliminarlas, desactivarlas, etc., <a href=\"https:\/\/kobemotor.es\/mas-informacion-sobre-las-cookies\/\">le rogamos se dirija a este enlace.<\/a><\/p>\n\n\n\n<p><strong>COOKIES UTILIZADAS EN ESTE SITIO WEB<\/strong><\/p>\n\n\n\n<p>Siguiendo las directrices de la Agencia Espa\u00f1ola de Protecci\u00f3n de Datos procedemos a detallar el uso de <em>cookies<\/em> que hace esta web con el fin de informarle con la m\u00e1xima exactitud posible.<\/p>\n\n\n\n<p>Este sitio web utiliza las siguientes <strong>cookies propias<\/strong>:<\/p>\n\n\n\n<p><\/p>\n\n\n\n<table>\n<tbody>\n<tr style=\"height: 23px\">\n<td colspan=\"4\" style=\"width: 1025.73px;height: 23px\"><strong>COOKIES PROPIAS<\/strong><\/td>\n<\/tr>\n<tr>\n<td><\/td>\n<td>Tipo<\/td>\n<td>Caducidad<\/td>\n<td>Objetivo<\/td>\n<\/tr>\n<tr>\n<td><span>tk_ai<\/span><\/td>\n<td>Propia<\/td>\n<td><\/td>\n<td><span>Cookies de uso interno necesaria para el funcionamiento de la&nbsp;visualizaci\u00f3n&nbsp;de la pol\u00edtica de cookies de la web. Ayudan a recordar con qu\u00e9 personas o sitios web has interactuado, para que pueda mostrarte contenido relacionado.&nbsp;Te permiten recordar tus ajustes y preferencias, como el idioma preferido y tu configuraci\u00f3n de privacidad. Estas cookies para iniciar sesi\u00f3n te permiten entrar y salir de tu cuenta<\/span><\/td>\n<\/tr>\n<tr>\n<td><span>wordpress_test_cookie<\/span><\/td>\n<td>Propia, T\u00e9cnica y de Sesi\u00f3n<\/td>\n<td><\/td>\n<td><span>Esta&nbsp;<\/span><em>cookie<\/em><span>&nbsp;se usa para que el gestor de contenidos WordPress compruebe si el navegador tiene las cookies activadas.<\/span><\/td>\n<\/tr>\n<\/tbody>\n<\/table>\n\n\n\n<p>Este sitio web utiliza las siguientes <strong>cookies de terceros<\/strong>:<\/p>\n\n\n\n<p><\/p>\n\n\n\n<table>\n<tbody>\n<tr>\n<td colspan=\"4\" style=\"width: 1023.72px;height: 23px\"><strong>COOKIES DE TERCEROS<\/strong><\/td>\n<\/tr>\n<tr>\n<td><\/td>\n<td>Tipo<\/td>\n<td>Caducidad<\/td>\n<td>Objetivo<\/td>\n<\/tr>\n<tr>\n<td>_ga<\/td>\n<td>Anal\u00edtica<\/td>\n<td>2 a\u00f1os<\/td>\n<td>Registra una Identificaci\u00f3n \u00fanica que se utiliza para generar datos estad\u00edsticos acerca de c\u00f3mo utiliza el usuario el sitio web<\/td>\n<\/tr>\n<tr>\n<td>SIDCC<\/td>\n<td>Anal\u00edtica<\/td>\n<td>1 a\u00f1o<\/td>\n<td style=\"width: 304.987px;height: 46px\"><span>Provee servicios y extrae informaci\u00f3n an\u00f3nima sobre la navegaci\u00f3n<\/span><\/td>\n<\/tr>\n<tr>\n<td><span>__Secure-3PSIDCC<\/span><\/td>\n<td>Publicitarias<\/td>\n<td>1&nbsp; a\u00f1o<\/td>\n<td><span>Estas cookies se utilizan para entregar anuncios m\u00e1s relevantes para usted y sus intereses<\/span><\/td>\n<\/tr>\n<tr>\n<td><span>__Secure-3PSID<\/span><\/td>\n<td>Publicitarias<\/td>\n<td>2 a\u00f1os<\/td>\n<td>Estas cookies se utilizan para entregar anuncios m\u00e1s relevantes para usted y sus intereses<\/span><\/td>\n<\/tr>\n<tr>\n<td><span>SID<\/span><\/td>\n<td>Publicitaria<\/td>\n<td>2 a\u00f1os<\/td>\n<td><span>Mide el rendimiento de los anuncios y proporciona recomendaciones \u2013 Google<\/span><\/td>\n<\/tr>\n<tr>\n<td><span>__Secure-3PAPISID<\/span><\/td>\n<td>Publicitaria<\/td>\n<td>2 a\u00f1os<\/td>\n<td><span>Estas cookies se utilizan para entregar anuncios m\u00e1s relevantes para usted y sus intereses<\/span><\/td>\n<\/tr>\n<tr>\n<td><span>APISID<\/span><\/td>\n<td>Publicitaria<\/td>\n<td>2 a\u00f1os<\/td>\n<td>Mide el rendimiento de los anuncios y proporciona recomendaciones \u2013 Google<\/td>\n<\/tr>\n<tr>\n<td><span>SAPISID<\/span><\/td>\n<td>Publicitaria<\/td>\n<td>2 a\u00f1os<\/td>\n<td><span>Mide el rendimiento de los anuncios y proporciona recomendaciones \u2013 Google<\/span><\/td>\n<\/tr>\n<tr>\n<td><span>SSID<\/span><\/td>\n<td>Publicitaria<\/td>\n<td>2 a\u00f1os<\/td>\n<td><span>Mide el rendimiento de los anuncios y proporciona recomendaciones \u2013 Google<\/span><\/td>\n<\/tr>\n<tr>\n<td><span>HSID<\/span><\/td>\n<td>Publicitaria<\/td>\n<td>2 a\u00f1os<\/td>\n<td><span>Mide el rendimiento de los anuncios y proporciona recomendaciones \u2013 Google<\/span><\/td>\n<\/tr>\n<tr>\n<td><span>NID<\/span><\/td>\n<td>Anal\u00edtica<\/td>\n<td>1 a\u00f1o<\/td>\n<td><span>Se usa para limitar el porcentaje de solicitudes \u2013 Google<\/span><\/td>\n<\/tr>\n<tr>\n<td><span>OGP<\/span><\/td>\n<td>T\u00e9cnicas<\/td>\n<td>1 a\u00f1o<\/td>\n<td><span>Cookie utilizada por Google para proveer servicios y extraer informaci\u00f3n an\u00f3nima sobre la navegaci\u00f3n \u2013 Google<\/span><span>OTZ<\/span><\/td>\n<\/tr>\n<tr>\n<td><span>OTZ<\/span><\/td>\n<td>Publicitaria<\/td>\n<td>1 a\u00f1o<\/td>\n<td><span>Recopilan informaci\u00f3n sobre las preferencias para usarlas con fines publicitarios<\/span><\/td>\n<\/tr>\n<\/tbody>\n<\/table>\n\n\n\n<ul class=\"wp-block-list\"><li>Google Analytics: Almacena <em>cookies<\/em> para poder elaborar estad\u00edsticas sobre el tr\u00e1fico y volumen de visitas de esta web. Al utilizar este sitio web est\u00e1 consintiendo el tratamiento de informaci\u00f3n acerca de usted por Google. Por tanto, el ejercicio de cualquier derecho en este sentido deber\u00e1 hacerlo comunicando directamente con Google.<\/li><li>Redes sociales: Cada red social utiliza sus propias <em>cookies<\/em> para que usted pueda pinchar en botones del tipo <em>Me gusta<\/em> o <em>Compartir<\/em>.<\/li><\/ul>\n\n\n\n<p><strong>DESACTIVACI\u00d3N O ELIMINACI\u00d3N DE COOKIES<\/strong><br \/>En cualquier momento podr\u00e1 ejercer su derecho de desactivaci\u00f3n o eliminaci\u00f3n de cookies de este sitio web. Estas acciones se realizan de forma diferente en funci\u00f3n del navegador que est\u00e9 usando. <a href=\"https:\/\/kobemotor.es\/mas-informacion-sobre-las-cookies\/#navegadores\">Aqu\u00ed le dejamos una gu\u00eda r\u00e1pida para los navegadores m\u00e1s populares<\/a>.<\/p>\n\n\n\n<p><strong>NOTAS ADICIONALES<\/strong><\/p>\n\n\n\n<ul class=\"wp-block-list\"><li>Ni esta web ni sus representantes legales se hacen responsables ni del contenido ni de la veracidad de las pol\u00edticas de privacidad que puedan tener los terceros mencionados en esta pol\u00edtica de <em>cookies<\/em>.<\/li><li>Los navegadores web son las herramientas encargadas de almacenar las <em>cookies<\/em> y desde este lugar debe efectuar su derecho a eliminaci\u00f3n o desactivaci\u00f3n de las mismas. Ni esta web ni sus representantes legales pueden garantizar la correcta o incorrecta manipulaci\u00f3n de las <em>cookies<\/em> por parte de los mencionados navegadores.<\/li><li>En algunos casos es necesario instalar <em>cookies<\/em> para que el navegador no olvide su decisi\u00f3n de no aceptaci\u00f3n de las mismas.<\/li><li>En el caso de las <em>cookies<\/em> de Google Analytics, esta empresa almacena las <em>cookies<\/em> en servidores ubicados en Estados Unidos y se compromete a no compartirla con terceros, excepto en los casos en los que sea necesario para el funcionamiento del sistema o cuando la ley obligue a tal efecto. Seg\u00fan Google no guarda su direcci\u00f3n IP. Google Inc. es una compa\u00f1\u00eda adherida al Acuerdo de Puerto Seguro que garantiza que todos los datos transferidos ser\u00e1n tratados con un nivel de protecci\u00f3n acorde a la normativa europea. Puede consultar informaci\u00f3n detallada a este respecto <a href=\"http:\/\/safeharbor.export.gov\/companyinfo.aspx?id=16626\" target=\"_blank\" rel=\"noopener noreferrer\">en este enlace<\/a>. Si desea informaci\u00f3n sobre el uso que Google da a las cookies <a href=\"https:\/\/developers.google.com\/analytics\/devguides\/collection\/analyticsjs\/cookie-usage?hl=es&amp;csw=1\" target=\"_blank\" rel=\"noopener noreferrer\">le adjuntamos este otro enlace<\/a>.<\/li><li>Para cualquier duda o consulta acerca de esta pol\u00edtica de <em>cookies<\/em> no dude en comunicarse con nosotros a trav\u00e9s de la secci\u00f3n de contacto.<\/li><\/ul>\n","protected":false},"excerpt":{"rendered":"<p>Una cookie es un peque\u00f1o fichero de texto que se almacena en su navegador cuando visita casi cualquier p\u00e1gina web. Su utilidad es que la web sea capaz de recordar su visita cuando vuelva a navegar por esa p\u00e1gina. Las cookies suelen almacenar informaci\u00f3n de car\u00e1cter t\u00e9cnico, preferencias personales, personalizaci\u00f3n de contenidos, estad\u00edsticas de uso, [&hellip;]<\/p>\n","protected":false},"author":13,"featured_media":0,"parent":0,"menu_order":0,"comment_status":"closed","ping_status":"closed","template":"","meta":{"_et_pb_use_builder":"off","_et_pb_old_content":"","_et_gb_content_width":"1080","footnotes":""},"class_list":["post-596","page","type-page","status-publish","hentry"],"yoast_head":"<!-- This site is optimized with the Yoast SEO plugin v27.5 - https:\/\/yoast.com\/product\/yoast-seo-wordpress\/ -->\n<title>Pol\u00edtica de cookies - Motorsport<\/title>\n<meta name=\"robots\" content=\"index, follow, max-snippet:-1, max-image-preview:large, max-video-preview:-1\" \/>\n<link rel=\"canonical\" href=\"https:\/\/kobemotor.es\/motorsport\/politica-de-cookies\/\" \/>\n<meta property=\"og:locale\" content=\"es_ES\" \/>\n<meta property=\"og:type\" content=\"article\" \/>\n<meta property=\"og:title\" content=\"Pol\u00edtica de cookies - Motorsport\" \/>\n<meta property=\"og:description\" content=\"Una cookie es un peque\u00f1o fichero de texto que se almacena en su navegador cuando visita casi cualquier p\u00e1gina web. Su utilidad es que la web sea capaz de recordar su visita cuando vuelva a navegar por esa p\u00e1gina. Las cookies suelen almacenar informaci\u00f3n de car\u00e1cter t\u00e9cnico, preferencias personales, personalizaci\u00f3n de contenidos, estad\u00edsticas de uso, [&hellip;]\" \/>\n<meta property=\"og:url\" content=\"https:\/\/kobemotor.es\/motorsport\/politica-de-cookies\/\" \/>\n<meta property=\"og:site_name\" content=\"Motorsport\" \/>\n<meta name=\"twitter:card\" content=\"summary_large_image\" \/>\n<meta name=\"twitter:label1\" content=\"Tiempo de lectura\" \/>\n\t<meta name=\"twitter:data1\" content=\"4 minutos\" \/>\n<script type=\"application\/ld+json\" class=\"yoast-schema-graph\">{\"@context\":\"https:\\\/\\\/schema.org\",\"@graph\":[{\"@type\":\"WebPage\",\"@id\":\"https:\\\/\\\/kobemotor.es\\\/motorsport\\\/politica-de-cookies\\\/\",\"url\":\"https:\\\/\\\/kobemotor.es\\\/motorsport\\\/politica-de-cookies\\\/\",\"name\":\"Pol\u00edtica de cookies - Motorsport\",\"isPartOf\":{\"@id\":\"https:\\\/\\\/kobemotor.es\\\/motorsport\\\/#website\"},\"datePublished\":\"2022-08-31T16:17:37+00:00\",\"breadcrumb\":{\"@id\":\"https:\\\/\\\/kobemotor.es\\\/motorsport\\\/politica-de-cookies\\\/#breadcrumb\"},\"inLanguage\":\"es\",\"potentialAction\":[{\"@type\":\"ReadAction\",\"target\":[\"https:\\\/\\\/kobemotor.es\\\/motorsport\\\/politica-de-cookies\\\/\"]}]},{\"@type\":\"BreadcrumbList\",\"@id\":\"https:\\\/\\\/kobemotor.es\\\/motorsport\\\/politica-de-cookies\\\/#breadcrumb\",\"itemListElement\":[{\"@type\":\"ListItem\",\"position\":1,\"name\":\"Portada\",\"item\":\"https:\\\/\\\/kobemotor.es\\\/motorsport\\\/\"},{\"@type\":\"ListItem\",\"position\":2,\"name\":\"Pol\u00edtica de cookies\"}]},{\"@type\":\"WebSite\",\"@id\":\"https:\\\/\\\/kobemotor.es\\\/motorsport\\\/#website\",\"url\":\"https:\\\/\\\/kobemotor.es\\\/motorsport\\\/\",\"name\":\"Motorsport\",\"description\":\"Kobe Motorsport\",\"potentialAction\":[{\"@type\":\"SearchAction\",\"target\":{\"@type\":\"EntryPoint\",\"urlTemplate\":\"https:\\\/\\\/kobemotor.es\\\/motorsport\\\/?s={search_term_string}\"},\"query-input\":{\"@type\":\"PropertyValueSpecification\",\"valueRequired\":true,\"valueName\":\"search_term_string\"}}],\"inLanguage\":\"es\"}]}<\/script>\n<!-- \/ Yoast SEO plugin. -->","yoast_head_json":{"title":"Pol\u00edtica de cookies - Motorsport","robots":{"index":"index","follow":"follow","max-snippet":"max-snippet:-1","max-image-preview":"max-image-preview:large","max-video-preview":"max-video-preview:-1"},"canonical":"https:\/\/kobemotor.es\/motorsport\/politica-de-cookies\/","og_locale":"es_ES","og_type":"article","og_title":"Pol\u00edtica de cookies - Motorsport","og_description":"Una cookie es un peque\u00f1o fichero de texto que se almacena en su navegador cuando visita casi cualquier p\u00e1gina web. Su utilidad es que la web sea capaz de recordar su visita cuando vuelva a navegar por esa p\u00e1gina. Las cookies suelen almacenar informaci\u00f3n de car\u00e1cter t\u00e9cnico, preferencias personales, personalizaci\u00f3n de contenidos, estad\u00edsticas de uso, [&hellip;]","og_url":"https:\/\/kobemotor.es\/motorsport\/politica-de-cookies\/","og_site_name":"Motorsport","twitter_card":"summary_large_image","twitter_misc":{"Tiempo de lectura":"4 minutos"},"schema":{"@context":"https:\/\/schema.org","@graph":[{"@type":"WebPage","@id":"https:\/\/kobemotor.es\/motorsport\/politica-de-cookies\/","url":"https:\/\/kobemotor.es\/motorsport\/politica-de-cookies\/","name":"Pol\u00edtica de cookies - Motorsport","isPartOf":{"@id":"https:\/\/kobemotor.es\/motorsport\/#website"},"datePublished":"2022-08-31T16:17:37+00:00","breadcrumb":{"@id":"https:\/\/kobemotor.es\/motorsport\/politica-de-cookies\/#breadcrumb"},"inLanguage":"es","potentialAction":[{"@type":"ReadAction","target":["https:\/\/kobemotor.es\/motorsport\/politica-de-cookies\/"]}]},{"@type":"BreadcrumbList","@id":"https:\/\/kobemotor.es\/motorsport\/politica-de-cookies\/#breadcrumb","itemListElement":[{"@type":"ListItem","position":1,"name":"Portada","item":"https:\/\/kobemotor.es\/motorsport\/"},{"@type":"ListItem","position":2,"name":"Pol\u00edtica de cookies"}]},{"@type":"WebSite","@id":"https:\/\/kobemotor.es\/motorsport\/#website","url":"https:\/\/kobemotor.es\/motorsport\/","name":"Motorsport","description":"Kobe Motorsport","potentialAction":[{"@type":"SearchAction","target":{"@type":"EntryPoint","urlTemplate":"https:\/\/kobemotor.es\/motorsport\/?s={search_term_string}"},"query-input":{"@type":"PropertyValueSpecification","valueRequired":true,"valueName":"search_term_string"}}],"inLanguage":"es"}]}},"_links":{"self":[{"href":"https:\/\/kobemotor.es\/motorsport\/wp-json\/wp\/v2\/pages\/596","targetHints":{"allow":["GET"]}}],"collection":[{"href":"https:\/\/kobemotor.es\/motorsport\/wp-json\/wp\/v2\/pages"}],"about":[{"href":"https:\/\/kobemotor.es\/motorsport\/wp-json\/wp\/v2\/types\/page"}],"author":[{"embeddable":true,"href":"https:\/\/kobemotor.es\/motorsport\/wp-json\/wp\/v2\/users\/13"}],"replies":[{"embeddable":true,"href":"https:\/\/kobemotor.es\/motorsport\/wp-json\/wp\/v2\/comments?post=596"}],"version-history":[{"count":0,"href":"https:\/\/kobemotor.es\/motorsport\/wp-json\/wp\/v2\/pages\/596\/revisions"}],"wp:attachment":[{"href":"https:\/\/kobemotor.es\/motorsport\/wp-json\/wp\/v2\/media?parent=596"}],"curies":[{"name":"wp","href":"https:\/\/api.w.org\/{rel}","templated":true}]}}