{"id":397,"date":"2022-08-05T15:23:24","date_gmt":"2022-08-05T15:23:24","guid":{"rendered":"https:\/\/kobemotor.es\/motorsport1\/?page_id=397"},"modified":"2026-04-21T18:42:23","modified_gmt":"2026-04-21T16:42:23","slug":"t2","status":"publish","type":"page","link":"https:\/\/kobemotor.es\/motorsport\/t2\/","title":{"rendered":"T2"},"content":{"rendered":"<p>[et_pb_section fb_built=\u00bb1&#8243; _builder_version=\u00bb4.17.6&#8243; _module_preset=\u00bbdefault\u00bb background_color=\u00bb#E50000&#8243; custom_padding=\u00bb0px||0px||false|false\u00bb global_colors_info=\u00bb{}\u00bb][et_pb_row _builder_version=\u00bb4.17.6&#8243; _module_preset=\u00bbdefault\u00bb background_enable_color=\u00bboff\u00bb custom_padding=\u00bb8px||6px||false|false\u00bb global_colors_info=\u00bb{}\u00bb][et_pb_column type=\u00bb4_4&#8243; _builder_version=\u00bb4.17.4&#8243; _module_preset=\u00bbdefault\u00bb global_colors_info=\u00bb{}\u00bb][et_pb_text _builder_version=\u00bb4.17.6&#8243; _module_preset=\u00bbdefault\u00bb global_colors_info=\u00bb{}\u00bb]<\/p>\n<h1 style=\"text-align: center\">T2 20<span style=\"color: #ffffff\">22<\/span><\/h1>\n<p>[\/et_pb_text][\/et_pb_column][\/et_pb_row][\/et_pb_section][et_pb_section fb_built=\u00bb1&#8243; _builder_version=\u00bb4.17.6&#8243; _module_preset=\u00bbdefault\u00bb custom_padding=\u00bb0px||0px||false|false\u00bb global_colors_info=\u00bb{}\u00bb][et_pb_row column_structure=\u00bb1_3,1_3,1_3&#8243; use_custom_gutter=\u00bbon\u00bb gutter_width=\u00bb2&#8243; make_equal=\u00bbon\u00bb _builder_version=\u00bb4.17.6&#8243; _module_preset=\u00bbdefault\u00bb global_colors_info=\u00bb{}\u00bb][et_pb_column type=\u00bb1_3&#8243; _builder_version=\u00bb4.17.6&#8243; _module_preset=\u00bbdefault\u00bb global_colors_info=\u00bb{}\u00bb][et_pb_image src=\u00bbhttps:\/\/kobemotor.es\/motorsport\/wp-content\/uploads\/sites\/2\/2022\/08\/T2-imagenes.jpg\u00bb alt=\u00bbT2 im\u00e1genes\u00bb title_text=\u00bbT2 im\u00e1genes\u00bb url=\u00bbhttps:\/\/www.flickr.com\/photos\/130607591@N06\/albums\/\u00bb _builder_version=\u00bb4.27.6&#8243; _module_preset=\u00bbdefault\u00bb hover_enabled=\u00bb0&#8243; global_colors_info=\u00bb{}\u00bb sticky_enabled=\u00bb0&#8243;][\/et_pb_image][\/et_pb_column][et_pb_column type=\u00bb1_3&#8243; _builder_version=\u00bb4.17.6&#8243; _module_preset=\u00bbdefault\u00bb global_colors_info=\u00bb{}\u00bb][et_pb_image src=\u00bbhttps:\/\/kobemotor.es\/motorsport\/wp-content\/uploads\/sites\/2\/2022\/08\/T2-clasificaciones.jpg\u00bb alt=\u00bbT2 clasificaciones\u00bb title_text=\u00bbT2 clasificaciones\u00bb url=\u00bbhttps:\/\/kobemotor.es\/motorsport\/t2\/palmares-t2\/\u00bb _builder_version=\u00bb4.20.4&#8243; _module_preset=\u00bbdefault\u00bb global_colors_info=\u00bb{}\u00bb][\/et_pb_image][\/et_pb_column][et_pb_column type=\u00bb1_3&#8243; _builder_version=\u00bb4.17.6&#8243; _module_preset=\u00bbdefault\u00bb global_colors_info=\u00bb{}\u00bb][\/et_pb_column][\/et_pb_row][et_pb_row _builder_version=\u00bb4.18.0&#8243; _module_preset=\u00bbdefault\u00bb global_colors_info=\u00bb{}\u00bb][et_pb_column type=\u00bb4_4&#8243; _builder_version=\u00bb4.18.0&#8243; _module_preset=\u00bbdefault\u00bb global_colors_info=\u00bb{}\u00bb][et_pb_text _builder_version=\u00bb4.18.0&#8243; _module_preset=\u00bbdefault\u00bb global_colors_info=\u00bb{}\u00bb]<\/p>\n<p><strong>La historia de Toyota Kobe Motor<\/strong> dentro del campeonato de Espa\u00f1a de Rallyes TT viene de lejos. Fue en junio de 2003, Rallye TT de Linares, cuando Alberto Dorsch debut\u00f3 con su Toyota Land Cruiser 90. Alberto era un aficionado m\u00e1s y siempre quiso correr en esta disciplina (sus inicios eran del Trial 4&#215;4). En Linares la asistencia del equipo Kobe Motor estuvo compuesto por varios amigos del mundo del todo terreno y varias personas muy especiales en los inicios. Fran Egido, que era jefe de taller de Kobe y su mujer To\u00f1i eran el alma t\u00e9cnico del equipo y Conchi Blanco (esposa de Alberto) era la persona que gestionaba la kobemotor.es\u00edstica.<\/p>\n<p>El equipo Kobe Motor creci\u00f3 y en 2005 estrenaron una unidad del Toyota 125. Durante una temporada el Equipo Kobe tuvo dos Toyotas y cuatro trabajadores de la empresa recorriendo Espa\u00f1a y Portugal con unos destacados resultados. Nico S\u00e1nchez, actual director de postventa de Kobe particip\u00f3 de copi en una Baja Arag\u00f3n 2005 diferente (Alberto acabada de estrenar su paternidad) y Fran y Nico pilotaron el Land Cruiser. Eso anim\u00f3 a Nico para adquirir la segunda unidad del equipo y competir durante 2006.<\/p>\n<p>En 2011 se estren\u00f3 la siguiente evoluci\u00f3n del Equipo y fue una unidad ex-dakar que fue restaurada al 100% y que es la unidad utilizada hasta hoy en d\u00eda. Con dicho Toyota llegaron las victorias y los \u00e9xitos en la categor\u00eda T2. Alberto consigui\u00f3 su primer t\u00edtulo con Carlos Bravo de copiloto en un disputado 2012.<\/p>\n<p>En 2015 entr\u00f3 Marcos Martinez en el equipo. Amigo de Kobe y apasionado de las carreras, actualmente Marcos tiene m\u00e1s de 220 carreras y m\u00e1s de 30 a\u00f1os guiando a muchos pilotos de primer nivel e incluso copilotando en un coche de la categor\u00eda WRC. Junto con Marcos, Kobe Motor y en especial Alberto Dorsch han conseguido ser la referencia dentro de la categor\u00eda T2, destinada a los coches de serie, ganando los t\u00edtulos en 2016, 2019, 2020 y 2021.<\/p>\n<p>Kobe Motor, con sus 20 a\u00f1os dentro del CERTT es una referencia donde lo importante es estar y disfrutar en cada carrera. La fiabilidad del Toyota, siempre mantenido por Miracar y Arc es la clave del \u00e9xito.<\/p>\n<p>[\/et_pb_text][\/et_pb_column][\/et_pb_row][\/et_pb_section]<\/p>\n","protected":false},"excerpt":{"rendered":"<p>T2 2022La historia de Toyota Kobe Motor dentro del campeonato de Espa\u00f1a de Rallyes TT viene de lejos. Fue en junio de 2003, Rallye TT de Linares, cuando Alberto Dorsch debut\u00f3 con su Toyota Land Cruiser 90. Alberto era un aficionado m\u00e1s y siempre quiso correr en esta disciplina (sus inicios eran del Trial 4&#215;4). [&hellip;]<\/p>\n","protected":false},"author":13,"featured_media":0,"parent":0,"menu_order":0,"comment_status":"closed","ping_status":"closed","template":"","meta":{"_et_pb_use_builder":"on","_et_pb_old_content":"","_et_gb_content_width":"","footnotes":""},"class_list":["post-397","page","type-page","status-publish","hentry"],"yoast_head":"<!-- This site is optimized with the Yoast SEO plugin v27.5 - https:\/\/yoast.com\/product\/yoast-seo-wordpress\/ -->\n<title>T2 - Motorsport<\/title>\n<meta name=\"robots\" content=\"index, follow, max-snippet:-1, max-image-preview:large, max-video-preview:-1\" \/>\n<link rel=\"canonical\" href=\"https:\/\/kobemotor.es\/motorsport\/t2\/\" \/>\n<meta property=\"og:locale\" content=\"es_ES\" \/>\n<meta property=\"og:type\" content=\"article\" \/>\n<meta property=\"og:title\" content=\"T2 - Motorsport\" \/>\n<meta property=\"og:description\" content=\"T2 2022La historia de Toyota Kobe Motor dentro del campeonato de Espa\u00f1a de Rallyes TT viene de lejos. Fue en junio de 2003, Rallye TT de Linares, cuando Alberto Dorsch debut\u00f3 con su Toyota Land Cruiser 90. Alberto era un aficionado m\u00e1s y siempre quiso correr en esta disciplina (sus inicios eran del Trial 4x4). [&hellip;]\" \/>\n<meta property=\"og:url\" content=\"https:\/\/kobemotor.es\/motorsport\/t2\/\" \/>\n<meta property=\"og:site_name\" content=\"Motorsport\" \/>\n<meta property=\"article:modified_time\" content=\"2026-04-21T16:42:23+00:00\" \/>\n<meta name=\"twitter:card\" content=\"summary_large_image\" \/>\n<script type=\"application\/ld+json\" class=\"yoast-schema-graph\">{\"@context\":\"https:\\\/\\\/schema.org\",\"@graph\":[{\"@type\":\"WebPage\",\"@id\":\"https:\\\/\\\/kobemotor.es\\\/motorsport\\\/t2\\\/\",\"url\":\"https:\\\/\\\/kobemotor.es\\\/motorsport\\\/t2\\\/\",\"name\":\"T2 - Motorsport\",\"isPartOf\":{\"@id\":\"https:\\\/\\\/kobemotor.es\\\/motorsport\\\/#website\"},\"datePublished\":\"2022-08-05T15:23:24+00:00\",\"dateModified\":\"2026-04-21T16:42:23+00:00\",\"breadcrumb\":{\"@id\":\"https:\\\/\\\/kobemotor.es\\\/motorsport\\\/t2\\\/#breadcrumb\"},\"inLanguage\":\"es\",\"potentialAction\":[{\"@type\":\"ReadAction\",\"target\":[\"https:\\\/\\\/kobemotor.es\\\/motorsport\\\/t2\\\/\"]}]},{\"@type\":\"BreadcrumbList\",\"@id\":\"https:\\\/\\\/kobemotor.es\\\/motorsport\\\/t2\\\/#breadcrumb\",\"itemListElement\":[{\"@type\":\"ListItem\",\"position\":1,\"name\":\"Portada\",\"item\":\"https:\\\/\\\/kobemotor.es\\\/motorsport\\\/\"},{\"@type\":\"ListItem\",\"position\":2,\"name\":\"T2\"}]},{\"@type\":\"WebSite\",\"@id\":\"https:\\\/\\\/kobemotor.es\\\/motorsport\\\/#website\",\"url\":\"https:\\\/\\\/kobemotor.es\\\/motorsport\\\/\",\"name\":\"Motorsport\",\"description\":\"Kobe Motorsport\",\"potentialAction\":[{\"@type\":\"SearchAction\",\"target\":{\"@type\":\"EntryPoint\",\"urlTemplate\":\"https:\\\/\\\/kobemotor.es\\\/motorsport\\\/?s={search_term_string}\"},\"query-input\":{\"@type\":\"PropertyValueSpecification\",\"valueRequired\":true,\"valueName\":\"search_term_string\"}}],\"inLanguage\":\"es\"}]}<\/script>\n<!-- \/ Yoast SEO plugin. -->","yoast_head_json":{"title":"T2 - Motorsport","robots":{"index":"index","follow":"follow","max-snippet":"max-snippet:-1","max-image-preview":"max-image-preview:large","max-video-preview":"max-video-preview:-1"},"canonical":"https:\/\/kobemotor.es\/motorsport\/t2\/","og_locale":"es_ES","og_type":"article","og_title":"T2 - Motorsport","og_description":"T2 2022La historia de Toyota Kobe Motor dentro del campeonato de Espa\u00f1a de Rallyes TT viene de lejos. Fue en junio de 2003, Rallye TT de Linares, cuando Alberto Dorsch debut\u00f3 con su Toyota Land Cruiser 90. Alberto era un aficionado m\u00e1s y siempre quiso correr en esta disciplina (sus inicios eran del Trial 4x4). [&hellip;]","og_url":"https:\/\/kobemotor.es\/motorsport\/t2\/","og_site_name":"Motorsport","article_modified_time":"2026-04-21T16:42:23+00:00","twitter_card":"summary_large_image","schema":{"@context":"https:\/\/schema.org","@graph":[{"@type":"WebPage","@id":"https:\/\/kobemotor.es\/motorsport\/t2\/","url":"https:\/\/kobemotor.es\/motorsport\/t2\/","name":"T2 - Motorsport","isPartOf":{"@id":"https:\/\/kobemotor.es\/motorsport\/#website"},"datePublished":"2022-08-05T15:23:24+00:00","dateModified":"2026-04-21T16:42:23+00:00","breadcrumb":{"@id":"https:\/\/kobemotor.es\/motorsport\/t2\/#breadcrumb"},"inLanguage":"es","potentialAction":[{"@type":"ReadAction","target":["https:\/\/kobemotor.es\/motorsport\/t2\/"]}]},{"@type":"BreadcrumbList","@id":"https:\/\/kobemotor.es\/motorsport\/t2\/#breadcrumb","itemListElement":[{"@type":"ListItem","position":1,"name":"Portada","item":"https:\/\/kobemotor.es\/motorsport\/"},{"@type":"ListItem","position":2,"name":"T2"}]},{"@type":"WebSite","@id":"https:\/\/kobemotor.es\/motorsport\/#website","url":"https:\/\/kobemotor.es\/motorsport\/","name":"Motorsport","description":"Kobe Motorsport","potentialAction":[{"@type":"SearchAction","target":{"@type":"EntryPoint","urlTemplate":"https:\/\/kobemotor.es\/motorsport\/?s={search_term_string}"},"query-input":{"@type":"PropertyValueSpecification","valueRequired":true,"valueName":"search_term_string"}}],"inLanguage":"es"}]}},"_links":{"self":[{"href":"https:\/\/kobemotor.es\/motorsport\/wp-json\/wp\/v2\/pages\/397","targetHints":{"allow":["GET"]}}],"collection":[{"href":"https:\/\/kobemotor.es\/motorsport\/wp-json\/wp\/v2\/pages"}],"about":[{"href":"https:\/\/kobemotor.es\/motorsport\/wp-json\/wp\/v2\/types\/page"}],"author":[{"embeddable":true,"href":"https:\/\/kobemotor.es\/motorsport\/wp-json\/wp\/v2\/users\/13"}],"replies":[{"embeddable":true,"href":"https:\/\/kobemotor.es\/motorsport\/wp-json\/wp\/v2\/comments?post=397"}],"version-history":[{"count":0,"href":"https:\/\/kobemotor.es\/motorsport\/wp-json\/wp\/v2\/pages\/397\/revisions"}],"wp:attachment":[{"href":"https:\/\/kobemotor.es\/motorsport\/wp-json\/wp\/v2\/media?parent=397"}],"curies":[{"name":"wp","href":"https:\/\/api.w.org\/{rel}","templated":true}]}}