{"id":1185,"date":"2022-07-12T10:51:56","date_gmt":"2022-07-12T10:51:56","guid":{"rendered":"https:\/\/kobemotor.es\/motorsport1\/?page_id=3"},"modified":"2022-07-12T10:51:56","modified_gmt":"2022-07-12T10:51:56","slug":"politica-privacidad","status":"publish","type":"page","link":"https:\/\/kobemotor.es\/motorsport\/politica-privacidad\/","title":{"rendered":"Pol\u00edtica de privacidad"},"content":{"rendered":"\n<p><strong>\u00bfQui\u00e9n va a tratar sus datos?<\/strong><\/p>\n\n\n\n<p>KOBE MOTOR\u00a0SL<\/p>\n\n\n\n<p>N.I.F.: B82014978<\/p>\n\n\n\n<p>Direcci\u00f3n: Calle Ciruela, 4, Majadahonda, 28222<\/p>\n\n\n\n<p><strong>\u00bfPara qu\u00e9 se usar\u00e1n sus datos?<\/strong><\/p>\n\n\n\n<ul class=\"wp-block-list\"><li>En el caso de relacionarse negocial o administrativamente: para mantener nuestra relaci\u00f3n administrativa y econ\u00f3mica.<\/li><li>Si Ud. se inscribe a nuestra newsletter o en nuestros formularios web: para el env\u00edo de publicaciones o informaci\u00f3n.<\/li><li>Si Ud. nos env\u00eda su Curriculum Vitae: para la selecci\u00f3n de personal y provisi\u00f3n de puestos de trabajo.<\/li><li>Si Ud. ejercita un derecho relacionado con la protecci\u00f3n de datos: para gestionar las obligaciones de atenci\u00f3n del ejercicio de los derechos relacionados con la protecci\u00f3n de datos de las personas.<\/li><li>Si a Ud. se le comunica una brecha de seguridad: para gestionar y evaluar las brechas de seguridad que se produzcan.<\/li><\/ul>\n\n\n\n<p><strong>\u00bfPor cu\u00e1nto tiempo conservaremos sus datos?<\/strong><\/p>\n\n\n\n<ul class=\"wp-block-list\"><li>En el caso de relacionarse negocial o administrativamente: durante cinco a\u00f1os desde la fecha de finalizaci\u00f3n de nuestra relaci\u00f3n: Art\u00edculo 1964 del C\u00f3digo Civil, en redacci\u00f3n dada por la Ley 42\/2015, de 5 de octubre, de reforma de la LEC.<\/li><li>Si Ud. se inscribe a nuestra newsletter o en nuestros formularios web: mientras no retire su consentimiento, o no ejercite su derecho de supresi\u00f3n.<\/li><li>Si Ud. nos env\u00eda su Curriculum Vitae: Durante el tiempo necesario para cumplir con la finalidad para la que se recabaron y para determinar las posibles responsabilidades y atender los procesos de reclamaci\u00f3n que se puedan presentar en un futuro contra la entidad y en el caso de conservar sus datos para sucesivos procesos de selecci\u00f3n siempre y cuando no solicite su supresi\u00f3n.<\/li><li>Si Ud. ejercita un derecho relacionado con la protecci\u00f3n de datos: durante el tiempo necesario para resolver el ejercicio de su derecho (Reglamento (UE) 2016\/679 General de Protecci\u00f3n de Datos y Ley Org\u00e1nica de Protecci\u00f3n de Datos).<\/li><li>Si a Ud. se le comunica una brecha de seguridad durante el tiempo necesario para resolver la brecha de seguridad y para determinar las posibles responsabilidades que se pudieran derivar de dicha finalidad (Reglamento (UE) 2016\/679 General de Protecci\u00f3n de Datos y Ley Org\u00e1nica de Protecci\u00f3n de Datos).<\/li><\/ul>\n\n\n\n<p><strong>\u00bfPor qu\u00e9 estamos legitimados para tratar sus datos personales?<\/strong><\/p>\n\n\n\n<ul class=\"wp-block-list\"><li>En el caso de relacionarse negocial o administrativamente: porque el tratamiento necesario para la ejecuci\u00f3n de un contrato (art\u00edculo 6.1.b) del Reglamento (UE) 2016\/679 General de Protecci\u00f3n de Datos).<\/li><li>Si Ud. se inscribe a nuestras nuestra newsletter o en nuestros formularios web: la legitimidad para tratar sus datos est\u00e1 basada en el consentimiento con el env\u00edo de los datos por parte del interesado (art\u00edculo 6.1.a) del Reglamento (UE) 2016\/679 General de Protecci\u00f3n de Datos.<\/li><li>Si Ud. nos env\u00eda su Curriculum Vitae: porque el tratamiento necesario para la aplicaci\u00f3n de medidas precontractuales (art\u00edculo 6.1.b) del Reglamento (UE) 2016\/679 General de Protecci\u00f3n de Datos).<\/li><\/ul>\n\n\n\n<ul class=\"wp-block-list\"><li>Si Ud. ejercita un derecho relacionado con la protecci\u00f3n de datos: porque el tratamiento es necesario para el cumplimiento de una obligaci\u00f3n legal (art\u00edculo 6.1.c) del Reglamento (UE) 2016\/679 General de Protecci\u00f3n de Datos).<\/li><li>Si a Ud. se le comunica una brecha de seguridad: RGPD: 6.1.c): porque el tratamiento necesario para el cumplimiento de una obligaci\u00f3n legal (art\u00edculo 6.1.c) del Reglamento (UE) 2016\/679 General de Protecci\u00f3n de Datos).<\/li><\/ul>\n\n\n\n<p><strong>\u00bfA qu\u00e9 destinatarios se comunicar\u00e1n o transferir\u00e1n sus datos?<\/strong><\/p>\n\n\n\n<ul class=\"wp-block-list\"><li>En el caso de relacionarse negocial o administrativamente con nosotros en su calidad de empresa o empresario individual: en el caso de ser interviniente de un contrato y ser empresario individual o una persona f\u00edsica, los datos se enviar\u00e1n a bancos cajas de ahorros y cajas rurales para pago y cobro de facturas y gastos para el cumplimiento de las obligaciones contractuales, y se presentar\u00e1n en la Agencia Tributaria de los modelos de declaraci\u00f3n confeccionados ( Ley 58\/2003, de 17 de diciembre, General Tributaria). Si es interviniente en un contrato como representante de una persona jur\u00eddica o es una persona de contacto de dicha persona jur\u00eddica, no est\u00e1 prevista la comunicaci\u00f3n de sus datos a terceros, excepto en los casos que sea necesario para el cumplimiento de obligaciones legales.<\/li><li>Si Ud. se inscribe a nuestras nuestra newsletter o en nuestros formularios web: no est\u00e1 prevista la comunicaci\u00f3n de sus datos a terceros, excepto en los casos que sea necesario para el cumplimiento de obligaciones legales.<\/li><li>Si Ud. nos env\u00eda su Curriculum Vitae: no est\u00e1 prevista la comunicaci\u00f3n de sus datos a terceros, excepto en los casos que sea necesario para el cumplimiento de obligaciones legales.<\/li><li>Si Ud. ejercita un derecho relacionado con la protecci\u00f3n de datos: no est\u00e1 prevista la comunicaci\u00f3n de sus datos a terceros, excepto en los casos que sea necesario para el cumplimiento de obligaciones legales.<\/li><li>Si a Ud. se le comunica una brecha de seguridad: sus datos se comunicar\u00e1n a la Agencia Espa\u00f1ola de Protecci\u00f3n de Datos y restantes autoridades de control pertenecientes a la Uni\u00f3n Europea y podr\u00e1n ser comunicados a las Fuerzas y Cuerpos de seguridad del Estado.<\/li><\/ul>\n\n\n\n<p>No realizaremos ninguna transferencia internacional de los datos a terceros pa\u00edses ni a organizaciones internacionales.<\/p>\n\n\n\n<p><strong>\u00bfCu\u00e1les son sus derechos cuando nos facilita sus datos y c\u00f3mo puede ejercerlos?<\/strong><\/p>\n\n\n\n<ul class=\"wp-block-list\"><li>Derecho de acceso: Derecho a obtener confirmaci\u00f3n sobre si estamos tratando datos personales que le conciernen o no.<\/li><li>Derecho de rectificaci\u00f3n: Derecho a solicitar la modificaci\u00f3n o rectificaci\u00f3n de sus datos en el caso de que sean inexactos<\/li><li>Derecho de supresi\u00f3n: Derecho a solicitar que sus datos sean borrados o suprimidos por tratamiento il\u00edcito de datos, por la desaparici\u00f3n de la finalidad que motiv\u00f3 el tratamiento o recogida o cuando revoca su consentimiento o se opone a que se traten.<\/li><li>Derecho de limitaci\u00f3n del tratamiento Derecho a obtener la limitaci\u00f3n del tratamiento de los datos, cuando proceda alguna de las siguientes situaciones:<ul><li>Si impugna la exactitud de los datos: mientras se verifica dicha exactitud por nuestra parte.<\/li><li>Si ha ejercitado su derecho de oposici\u00f3n al tratamiento de datos: mientras se verifica si los motivos leg\u00edtimos del responsable prevalecen sobre sus derechos.<\/li><\/ul><\/li><li>Derecho de portabilidad de los datos: Derecho a recibir tus datos personales en un formato estructurado, de uso com\u00fan y lectura mec\u00e1nica, siempre que sea t\u00e9cnicamente posible para su portabilidad, y cuando los hayan utilizado\/tratado con tu consentimiento o por existir un contrato.<\/li><\/ul>\n\n\n\n<p>Puede ejercer estos derechos, junto a una copia de un documento que acredite tu identidad en el siguiente correo electr\u00f3nico:&nbsp;<a href=\"mailto:info@kobemotor.es\">info@kobemotor.es<\/a>.<\/p>\n\n\n\n<p>Adem\u00e1s, tiene derecho<\/p>\n\n\n\n<ul class=\"wp-block-list\"><li>A revocar el consentimiento prestado: en el caso de que el tratamiento tenga su legitimaci\u00f3n en el consentimiento.<\/li><li>A presentar una reclamaci\u00f3n: tiene derecho a presentar una reclamaci\u00f3n ante la Agencia Espa\u00f1ola de Protecci\u00f3n de Datos.<\/li><\/ul>\n","protected":false},"excerpt":{"rendered":"<p>\u00bfQui\u00e9n va a tratar sus datos? KOBE MOTOR\u00a0SL N.I.F.: B82014978 Direcci\u00f3n: Calle Ciruela, 4, Majadahonda, 28222 \u00bfPara qu\u00e9 se usar\u00e1n sus datos? En el caso de relacionarse negocial o administrativamente: para mantener nuestra relaci\u00f3n administrativa y econ\u00f3mica. Si Ud. se inscribe a nuestra newsletter o en nuestros formularios web: para el env\u00edo de publicaciones o [&hellip;]<\/p>\n","protected":false},"author":13,"featured_media":0,"parent":0,"menu_order":0,"comment_status":"closed","ping_status":"open","template":"","meta":{"_et_pb_use_builder":"","_et_pb_old_content":"","_et_gb_content_width":"1080","footnotes":""},"class_list":["post-1185","page","type-page","status-publish","hentry"],"yoast_head":"<!-- This site is optimized with the Yoast SEO plugin v27.5 - https:\/\/yoast.com\/product\/yoast-seo-wordpress\/ -->\n<title>Pol\u00edtica de privacidad - Motorsport<\/title>\n<meta name=\"robots\" content=\"index, follow, max-snippet:-1, max-image-preview:large, max-video-preview:-1\" \/>\n<link rel=\"canonical\" href=\"https:\/\/kobemotor.es\/motorsport\/politica-privacidad\/\" \/>\n<meta property=\"og:locale\" content=\"es_ES\" \/>\n<meta property=\"og:type\" content=\"article\" \/>\n<meta property=\"og:title\" content=\"Pol\u00edtica de privacidad - Motorsport\" \/>\n<meta property=\"og:description\" content=\"\u00bfQui\u00e9n va a tratar sus datos? KOBE MOTOR\u00a0SL N.I.F.: B82014978 Direcci\u00f3n: Calle Ciruela, 4, Majadahonda, 28222 \u00bfPara qu\u00e9 se usar\u00e1n sus datos? En el caso de relacionarse negocial o administrativamente: para mantener nuestra relaci\u00f3n administrativa y econ\u00f3mica. Si Ud. se inscribe a nuestra newsletter o en nuestros formularios web: para el env\u00edo de publicaciones o [&hellip;]\" \/>\n<meta property=\"og:url\" content=\"https:\/\/kobemotor.es\/motorsport\/politica-privacidad\/\" \/>\n<meta property=\"og:site_name\" content=\"Motorsport\" \/>\n<meta name=\"twitter:card\" content=\"summary_large_image\" \/>\n<meta name=\"twitter:label1\" content=\"Tiempo de lectura\" \/>\n\t<meta name=\"twitter:data1\" content=\"5 minutos\" \/>\n<script type=\"application\/ld+json\" class=\"yoast-schema-graph\">{\"@context\":\"https:\\\/\\\/schema.org\",\"@graph\":[{\"@type\":\"WebPage\",\"@id\":\"https:\\\/\\\/kobemotor.es\\\/motorsport\\\/politica-privacidad\\\/\",\"url\":\"https:\\\/\\\/kobemotor.es\\\/motorsport\\\/politica-privacidad\\\/\",\"name\":\"Pol\u00edtica de privacidad - Motorsport\",\"isPartOf\":{\"@id\":\"https:\\\/\\\/kobemotor.es\\\/motorsport\\\/#website\"},\"datePublished\":\"2022-07-12T10:51:56+00:00\",\"breadcrumb\":{\"@id\":\"https:\\\/\\\/kobemotor.es\\\/motorsport\\\/politica-privacidad\\\/#breadcrumb\"},\"inLanguage\":\"es\",\"potentialAction\":[{\"@type\":\"ReadAction\",\"target\":[\"https:\\\/\\\/kobemotor.es\\\/motorsport\\\/politica-privacidad\\\/\"]}]},{\"@type\":\"BreadcrumbList\",\"@id\":\"https:\\\/\\\/kobemotor.es\\\/motorsport\\\/politica-privacidad\\\/#breadcrumb\",\"itemListElement\":[{\"@type\":\"ListItem\",\"position\":1,\"name\":\"Portada\",\"item\":\"https:\\\/\\\/kobemotor.es\\\/motorsport\\\/\"},{\"@type\":\"ListItem\",\"position\":2,\"name\":\"Pol\u00edtica de privacidad\"}]},{\"@type\":\"WebSite\",\"@id\":\"https:\\\/\\\/kobemotor.es\\\/motorsport\\\/#website\",\"url\":\"https:\\\/\\\/kobemotor.es\\\/motorsport\\\/\",\"name\":\"Motorsport\",\"description\":\"Kobe Motorsport\",\"potentialAction\":[{\"@type\":\"SearchAction\",\"target\":{\"@type\":\"EntryPoint\",\"urlTemplate\":\"https:\\\/\\\/kobemotor.es\\\/motorsport\\\/?s={search_term_string}\"},\"query-input\":{\"@type\":\"PropertyValueSpecification\",\"valueRequired\":true,\"valueName\":\"search_term_string\"}}],\"inLanguage\":\"es\"}]}<\/script>\n<!-- \/ Yoast SEO plugin. -->","yoast_head_json":{"title":"Pol\u00edtica de privacidad - Motorsport","robots":{"index":"index","follow":"follow","max-snippet":"max-snippet:-1","max-image-preview":"max-image-preview:large","max-video-preview":"max-video-preview:-1"},"canonical":"https:\/\/kobemotor.es\/motorsport\/politica-privacidad\/","og_locale":"es_ES","og_type":"article","og_title":"Pol\u00edtica de privacidad - Motorsport","og_description":"\u00bfQui\u00e9n va a tratar sus datos? KOBE MOTOR\u00a0SL N.I.F.: B82014978 Direcci\u00f3n: Calle Ciruela, 4, Majadahonda, 28222 \u00bfPara qu\u00e9 se usar\u00e1n sus datos? En el caso de relacionarse negocial o administrativamente: para mantener nuestra relaci\u00f3n administrativa y econ\u00f3mica. Si Ud. se inscribe a nuestra newsletter o en nuestros formularios web: para el env\u00edo de publicaciones o [&hellip;]","og_url":"https:\/\/kobemotor.es\/motorsport\/politica-privacidad\/","og_site_name":"Motorsport","twitter_card":"summary_large_image","twitter_misc":{"Tiempo de lectura":"5 minutos"},"schema":{"@context":"https:\/\/schema.org","@graph":[{"@type":"WebPage","@id":"https:\/\/kobemotor.es\/motorsport\/politica-privacidad\/","url":"https:\/\/kobemotor.es\/motorsport\/politica-privacidad\/","name":"Pol\u00edtica de privacidad - Motorsport","isPartOf":{"@id":"https:\/\/kobemotor.es\/motorsport\/#website"},"datePublished":"2022-07-12T10:51:56+00:00","breadcrumb":{"@id":"https:\/\/kobemotor.es\/motorsport\/politica-privacidad\/#breadcrumb"},"inLanguage":"es","potentialAction":[{"@type":"ReadAction","target":["https:\/\/kobemotor.es\/motorsport\/politica-privacidad\/"]}]},{"@type":"BreadcrumbList","@id":"https:\/\/kobemotor.es\/motorsport\/politica-privacidad\/#breadcrumb","itemListElement":[{"@type":"ListItem","position":1,"name":"Portada","item":"https:\/\/kobemotor.es\/motorsport\/"},{"@type":"ListItem","position":2,"name":"Pol\u00edtica de privacidad"}]},{"@type":"WebSite","@id":"https:\/\/kobemotor.es\/motorsport\/#website","url":"https:\/\/kobemotor.es\/motorsport\/","name":"Motorsport","description":"Kobe Motorsport","potentialAction":[{"@type":"SearchAction","target":{"@type":"EntryPoint","urlTemplate":"https:\/\/kobemotor.es\/motorsport\/?s={search_term_string}"},"query-input":{"@type":"PropertyValueSpecification","valueRequired":true,"valueName":"search_term_string"}}],"inLanguage":"es"}]}},"_links":{"self":[{"href":"https:\/\/kobemotor.es\/motorsport\/wp-json\/wp\/v2\/pages\/1185","targetHints":{"allow":["GET"]}}],"collection":[{"href":"https:\/\/kobemotor.es\/motorsport\/wp-json\/wp\/v2\/pages"}],"about":[{"href":"https:\/\/kobemotor.es\/motorsport\/wp-json\/wp\/v2\/types\/page"}],"author":[{"embeddable":true,"href":"https:\/\/kobemotor.es\/motorsport\/wp-json\/wp\/v2\/users\/13"}],"replies":[{"embeddable":true,"href":"https:\/\/kobemotor.es\/motorsport\/wp-json\/wp\/v2\/comments?post=1185"}],"version-history":[{"count":0,"href":"https:\/\/kobemotor.es\/motorsport\/wp-json\/wp\/v2\/pages\/1185\/revisions"}],"wp:attachment":[{"href":"https:\/\/kobemotor.es\/motorsport\/wp-json\/wp\/v2\/media?parent=1185"}],"curies":[{"name":"wp","href":"https:\/\/api.w.org\/{rel}","templated":true}]}}